{"id":229,"date":"2010-07-22T19:05:40","date_gmt":"2010-07-22T19:05:40","guid":{"rendered":"http:\/\/camping-bertahof.at\/beta\/"},"modified":"2022-10-06T09:35:10","modified_gmt":"2022-10-06T09:35:10","slug":"mountainbike","status":"publish","type":"page","link":"https:\/\/camping-bertahof.at\/it\/mountainbike\/","title":{"rendered":"Mountainbike Touren"},"content":{"rendered":"<div class=\"wpb-content-wrapper\"><p>[vc_row section=&#8221;yes&#8221; paddingtop=&#8221;350px&#8221; paddingbottom=&#8221;100px&#8221; backgroundrepeat=&#8221;no-repeat&#8221; backgroundposition=&#8221;center center&#8221; backgroundsize=&#8221;cover&#8221; textcolor=&#8221;light&#8221; bg_type=&#8221;image&#8221; parallax_style=&#8221;vcpb-default&#8221; bg_image_new=&#8221;id^2930|url^https:\/\/camping-bertahof.at\/wp-content\/uploads\/mountainbike-tour-paul-shutterstock.jpg|caption^null|alt^null|title^mountainbike tour paul-shutterstock|description^null&#8221; bg_image_repeat=&#8221;no-repeat&#8221; bg_image_posiiton=&#8221;center center&#8221; backgroundimage=&#8221;2930&#8243;][vc_column]<div class=\"line-header text-center\"><h1>I pi\u00f9 bei tour in MTB nella Valle di Gastein<\/h1><span class=\"header-sep\"><\/span><\/div>[\/vc_column][\/vc_row][vc_row section=&#8221;yes&#8221; paddingtop=&#8221;20px&#8221; paddingbottom=&#8221;20px&#8221; textcolor=&#8221;light&#8221; backgroundcolor=&#8221;#035d2e&#8221;][vc_column css=&#8221;.vc_custom_1568187585610{padding-top: 10px !important;padding-bottom: 10px !important;}&#8221;][vc_column_text]La Valle di Gastein \u00e8 un paradiso per i ciclisti e gli appassionati di mountain bike! Troverete il percorso giusto per ogni livello. Sia che si tratti di un&#8217;attivit\u00e0 ludica che di un&#8217;attivit\u00e0 emozionante, la regione intorno al Bertahof, con i suoi numerosi sentieri, offre variet\u00e0 e divertimento.<\/p>\n<p>Tour guidati in mountain bike attraverso le montagne di Gastein Accompagnate i ciclisti dell&#8217;Alpe-Adria dal campeggio lungo idilliaci e mistici sentieri per biker.[\/vc_column_text][\/vc_column][\/vc_row][vc_row section=&#8221;yes&#8221; paddingtop=&#8221;30px&#8221; paddingbottom=&#8221;30px&#8221;][vc_column width=&#8221;1\/2&#8243;][vc_column_text]\n<h2 class=\"tour-title\">Von Dorfgastein zur K\u00f6gerlalm<\/h2>\n<ul>\n<li>Schwierigkeit: mittel<\/li>\n<li>Dauer: ca. 2 Stunden<\/li>\n<\/ul>\n[\/vc_column_text]<a href=\"https:\/\/camping-bertahof.at\/wp-content\/uploads\/mountainbiketour-goegerlalm.gpx\" class=\"btn btn-default mt-btn-standard btn-block with-icon\" data-anim-type=\"\">Download GPX <i class=\"fa fa-cloud-download fa-lg\"><\/i><\/a>[\/vc_column][vc_column width=&#8221;1\/2&#8243;][vc_column_text]\t\t<div id=\"maps-marker-pro-c6a96c36\" class=\"maps-marker-pro mmp-list-below\" style=\"width: 100%;\">\r\n\t\t\t<div id=\"mmp-map-wrap-c6a96c36\" class=\"mmp-map-wrap\">\r\n\t\t\t\t\t\t\t\t\t<div id=\"mmp-panel-c6a96c36\" class=\"mmp-panel\"><\/div>\r\n\t\t\t\t\t\t\t\t<div id=\"mmp-map-c6a96c36\" class=\"mmp-map\" style=\"height: 500px;\"><\/div>\r\n\t\t\t\t\t\t\t\t\t<div id=\"mmp-chart-wrap-c6a96c36\" class=\"mmp-gpx-chart-wrap\" style=\"height: 200px;\"><\/div>\r\n\t\t\t\t\t\t\t<\/div>\r\n\t\t\t\t\t\t\t<div id=\"mmp-list-c6a96c36\" class=\"mmp-list\" style=\"flex-basis: 400px;\"><\/div>\r\n\t\t\t\t\t<\/div>\r\n\t\t[\/vc_column_text][\/vc_column][\/vc_row][vc_row][vc_column][vc_separator][\/vc_column][\/vc_row][vc_row section=&#8221;yes&#8221; paddingtop=&#8221;30px&#8221; paddingbottom=&#8221;30px&#8221;][vc_column width=&#8221;1\/2&#8243;][vc_column_text]\n<h2 class=\"tour-title\">Zur Fundner Heimalm<\/h2>\n<ul>\n<li>Schwierigkeit: mittel<\/li>\n<li>Dauer: ca. 2,5 Stunden<\/li>\n<\/ul>\n[\/vc_column_text]<a href=\"https:\/\/camping-bertahof.at\/wp-content\/uploads\/MTB-Fundner-Heimalm-Angertal.gpx\" class=\"btn btn-default mt-btn-standard btn-block with-icon\" data-anim-type=\"\">Download GPX <i class=\"fa fa-cloud-download fa-lg\"><\/i><\/a>[\/vc_column][vc_column width=&#8221;1\/2&#8243;][vc_column_text]\t\t<div id=\"maps-marker-pro-89da97b8\" class=\"maps-marker-pro mmp-list-below\" style=\"width: 100%;\">\r\n\t\t\t<div id=\"mmp-map-wrap-89da97b8\" class=\"mmp-map-wrap\">\r\n\t\t\t\t\t\t\t\t\t<div id=\"mmp-panel-89da97b8\" class=\"mmp-panel\"><\/div>\r\n\t\t\t\t\t\t\t\t<div id=\"mmp-map-89da97b8\" class=\"mmp-map\" style=\"height: 600px;\"><\/div>\r\n\t\t\t\t\t\t\t\t\t<div id=\"mmp-chart-wrap-89da97b8\" class=\"mmp-gpx-chart-wrap\" style=\"height: 200px;\"><\/div>\r\n\t\t\t\t\t\t\t<\/div>\r\n\t\t\t\t\t\t\t<div id=\"mmp-list-89da97b8\" class=\"mmp-list\" style=\"flex-basis: 400px;\"><\/div>\r\n\t\t\t\t\t<\/div>\r\n\t\t[\/vc_column_text][\/vc_column][\/vc_row][vc_row][vc_column][vc_separator][\/vc_column][\/vc_row][vc_row section=&#8221;yes&#8221; paddingtop=&#8221;30px&#8221; paddingbottom=&#8221;30px&#8221;][vc_column width=&#8221;1\/2&#8243;][vc_column_text]\n<h2 class=\"tour-title\">Schlossalm Gipfelfahrt<\/h2>\n<ul>\n<li>Schwierigkeit: mittel &#8211; schwer<\/li>\n<li>Dauer: ca. 3,0 Stunden<\/li>\n<\/ul>\n[\/vc_column_text]<a href=\"https:\/\/camping-bertahof.at\/wp-content\/uploads\/Zur-Schlossalm.gpx\" class=\"btn btn-default mt-btn-standard btn-block with-icon\" data-anim-type=\"\">Download GPX <i class=\"fa fa-cloud-download fa-lg\"><\/i><\/a>[\/vc_column][vc_column width=&#8221;1\/2&#8243;][vc_column_text]\t\t<div id=\"maps-marker-pro-759b4c2b\" class=\"maps-marker-pro mmp-list-below\" style=\"width: 100%;\">\r\n\t\t\t<div id=\"mmp-map-wrap-759b4c2b\" class=\"mmp-map-wrap\">\r\n\t\t\t\t\t\t\t\t\t<div id=\"mmp-panel-759b4c2b\" class=\"mmp-panel\"><\/div>\r\n\t\t\t\t\t\t\t\t<div id=\"mmp-map-759b4c2b\" class=\"mmp-map\" style=\"height: 600px;\"><\/div>\r\n\t\t\t\t\t\t\t\t\t<div id=\"mmp-chart-wrap-759b4c2b\" class=\"mmp-gpx-chart-wrap\" style=\"height: 200px;\"><\/div>\r\n\t\t\t\t\t\t\t<\/div>\r\n\t\t\t\t\t\t\t<div id=\"mmp-list-759b4c2b\" class=\"mmp-list\" style=\"flex-basis: 400px;\"><\/div>\r\n\t\t\t\t\t<\/div>\r\n\t\t[\/vc_column_text][\/vc_column][\/vc_row][vc_row][vc_column][vc_separator][\/vc_column][\/vc_row][vc_row section=&#8221;yes&#8221; paddingtop=&#8221;30px&#8221; paddingbottom=&#8221;30px&#8221;][vc_column width=&#8221;1\/2&#8243;][vc_column_text]\n<h2 class=\"tour-title\">Stubnerkogel 2246 m<\/h2>\n<ul>\n<li>Schwierigkeit: mittel &#8211; schwer<\/li>\n<li>Dauer: ca. 3,0 Stunde<\/li>\n<\/ul>\n[\/vc_column_text]<a href=\"https:\/\/camping-bertahof.at\/wp-content\/uploads\/Stubnerkogel.gpx\" class=\"btn btn-default mt-btn-standard btn-block with-icon\" data-anim-type=\"\">Download GPX <i class=\"fa fa-cloud-download fa-lg\"><\/i><\/a>[\/vc_column][vc_column width=&#8221;1\/2&#8243;][vc_column_text]\t\t<div id=\"maps-marker-pro-ea580c37\" class=\"maps-marker-pro mmp-list-below\" style=\"width: 100%;\">\r\n\t\t\t<div id=\"mmp-map-wrap-ea580c37\" class=\"mmp-map-wrap\">\r\n\t\t\t\t\t\t\t\t\t<div id=\"mmp-panel-ea580c37\" class=\"mmp-panel\"><\/div>\r\n\t\t\t\t\t\t\t\t<div id=\"mmp-map-ea580c37\" class=\"mmp-map\" style=\"height: 600px;\"><\/div>\r\n\t\t\t\t\t\t\t\t\t<div id=\"mmp-chart-wrap-ea580c37\" class=\"mmp-gpx-chart-wrap\" style=\"height: 200px;\"><\/div>\r\n\t\t\t\t\t\t\t<\/div>\r\n\t\t\t\t\t\t\t<div id=\"mmp-list-ea580c37\" class=\"mmp-list\" style=\"flex-basis: 400px;\"><\/div>\r\n\t\t\t\t\t<\/div>\r\n\t\t[\/vc_column_text][\/vc_column][\/vc_row][vc_row][vc_column][vc_separator][\/vc_column][\/vc_row][vc_row section=&#8221;yes&#8221; paddingtop=&#8221;30px&#8221; paddingbottom=&#8221;30px&#8221;][vc_column width=&#8221;1\/2&#8243;][vc_column_text]\n<h2 class=\"tour-title\">Sportgastein<\/h2>\n<ul>\n<li>Schwierigkeit: mittel &#8211; schwer<\/li>\n<li>Dauer: ca. 2,0 Stunden<\/li>\n<\/ul>\n[\/vc_column_text]<a href=\"https:\/\/camping-bertahof.at\/wp-content\/uploads\/Sportgastein.gpx\" class=\"btn btn-default mt-btn-standard btn-block with-icon\" data-anim-type=\"\">Download GPX <i class=\"fa fa-cloud-download fa-lg\"><\/i><\/a>[\/vc_column][vc_column width=&#8221;1\/2&#8243;][vc_column_text]\t\t<div id=\"maps-marker-pro-2b9e49f1\" class=\"maps-marker-pro mmp-list-below\" style=\"width: 100%;\">\r\n\t\t\t<div id=\"mmp-map-wrap-2b9e49f1\" class=\"mmp-map-wrap\">\r\n\t\t\t\t\t\t\t\t\t<div id=\"mmp-panel-2b9e49f1\" class=\"mmp-panel\"><\/div>\r\n\t\t\t\t\t\t\t\t<div id=\"mmp-map-2b9e49f1\" class=\"mmp-map\" style=\"height: 600px;\"><\/div>\r\n\t\t\t\t\t\t\t\t\t<div id=\"mmp-chart-wrap-2b9e49f1\" class=\"mmp-gpx-chart-wrap\" style=\"height: 200px;\"><\/div>\r\n\t\t\t\t\t\t\t<\/div>\r\n\t\t\t\t\t\t\t<div id=\"mmp-list-2b9e49f1\" class=\"mmp-list\" style=\"flex-basis: 400px;\"><\/div>\r\n\t\t\t\t\t<\/div>\r\n\t\t[\/vc_column_text][\/vc_column][\/vc_row][vc_row][vc_column][vc_column_text]Foto: https:\/\/www.shutterstock.com\/ (by Paul)[\/vc_column_text][\/vc_column][\/vc_row]<\/p>\n<\/div>","protected":false},"excerpt":{"rendered":"<p>[vc_row section=&#8221;yes&#8221; paddingtop=&#8221;350px&#8221; paddingbottom=&#8221;100px&#8221; backgroundrepeat=&#8221;no-repeat&#8221; backgroundposition=&#8221;center center&#8221; backgroundsize=&#8221;cover&#8221; textcolor=&#8221;light&#8221; bg_type=&#8221;image&#8221; parallax_style=&#8221;vcpb-default&#8221; bg_image_new=&#8221;id^2930|url^https:\/\/camping-bertahof.at\/wp-content\/uploads\/mountainbike-tour-paul-shutterstock.jpg|caption^null|alt^null|title^mountainbike tour paul-shutterstock|description^null&#8221; bg_image_repeat=&#8221;no-repeat&#8221; bg_image_posiiton=&#8221;center center&#8221; backgroundimage=&#8221;2930&#8243;][vc_column][\/vc_column][\/vc_row][vc_row section=&#8221;yes&#8221; paddingtop=&#8221;20px&#8221; [&hellip;]<\/p>\n","protected":false},"author":7,"featured_media":0,"parent":0,"menu_order":10,"comment_status":"closed","ping_status":"closed","template":"template-mountainbike.php","meta":{"footnotes":""},"class_list":["post-229","page","type-page","status-publish","hentry"],"yoast_head":"<!-- This site is optimized with the Yoast SEO plugin v27.3 - https:\/\/yoast.com\/product\/yoast-seo-wordpress\/ -->\n<title>Mountainbike Touren - Camping Bertahof<\/title>\n<meta name=\"description\" content=\"Impegnativo o piacevole: nella Valle di Gastein c&#039;\u00e8 un percorso adatto a ciclisti e mountain biker di ogni livello.\" \/>\n<meta name=\"robots\" content=\"index, follow, max-snippet:-1, max-image-preview:large, max-video-preview:-1\" \/>\n<link rel=\"canonical\" href=\"https:\/\/camping-bertahof.at\/it\/mountainbike\/\" \/>\n<meta property=\"og:locale\" content=\"it_IT\" \/>\n<meta property=\"og:type\" content=\"article\" \/>\n<meta property=\"og:title\" content=\"Mountainbike Touren - Camping Bertahof\" \/>\n<meta property=\"og:description\" content=\"Impegnativo o piacevole: nella Valle di Gastein c&#039;\u00e8 un percorso adatto a ciclisti e mountain biker di ogni livello.\" \/>\n<meta property=\"og:url\" content=\"https:\/\/camping-bertahof.at\/it\/mountainbike\/\" \/>\n<meta property=\"og:site_name\" content=\"Camping Bertahof\" \/>\n<meta property=\"article:publisher\" content=\"https:\/\/www.facebook.com\/CampingBertahof\" \/>\n<meta property=\"article:modified_time\" content=\"2022-10-06T09:35:10+00:00\" \/>\n<meta name=\"twitter:card\" content=\"summary_large_image\" \/>\n<meta name=\"twitter:label1\" content=\"Tempo di lettura stimato\" \/>\n\t<meta name=\"twitter:data1\" content=\"3 minuti\" \/>\n<script type=\"application\/ld+json\" class=\"yoast-schema-graph\">{\"@context\":\"https:\\\/\\\/schema.org\",\"@graph\":[{\"@type\":\"WebPage\",\"@id\":\"https:\\\/\\\/camping-bertahof.at\\\/it\\\/mountainbike\\\/\",\"url\":\"https:\\\/\\\/camping-bertahof.at\\\/it\\\/mountainbike\\\/\",\"name\":\"Mountainbike Touren - Camping Bertahof\",\"isPartOf\":{\"@id\":\"https:\\\/\\\/camping-bertahof.at\\\/it\\\/#website\"},\"datePublished\":\"2010-07-22T19:05:40+00:00\",\"dateModified\":\"2022-10-06T09:35:10+00:00\",\"description\":\"Impegnativo o piacevole: nella Valle di Gastein c'\u00e8 un percorso adatto a ciclisti e mountain biker di ogni livello.\",\"breadcrumb\":{\"@id\":\"https:\\\/\\\/camping-bertahof.at\\\/it\\\/mountainbike\\\/#breadcrumb\"},\"inLanguage\":\"it-IT\",\"potentialAction\":[{\"@type\":\"ReadAction\",\"target\":[\"https:\\\/\\\/camping-bertahof.at\\\/it\\\/mountainbike\\\/\"]}]},{\"@type\":\"BreadcrumbList\",\"@id\":\"https:\\\/\\\/camping-bertahof.at\\\/it\\\/mountainbike\\\/#breadcrumb\",\"itemListElement\":[{\"@type\":\"ListItem\",\"position\":1,\"name\":\"Startseite\",\"item\":\"https:\\\/\\\/camping-bertahof.at\\\/it\\\/\"},{\"@type\":\"ListItem\",\"position\":2,\"name\":\"Mountainbike Touren\"}]},{\"@type\":\"WebSite\",\"@id\":\"https:\\\/\\\/camping-bertahof.at\\\/it\\\/#website\",\"url\":\"https:\\\/\\\/camping-bertahof.at\\\/it\\\/\",\"name\":\"Camping Bertahof\",\"description\":\"365 giorni piacere di camping al valle pi\u00fa bello d\u00b4Austria!\",\"potentialAction\":[{\"@type\":\"SearchAction\",\"target\":{\"@type\":\"EntryPoint\",\"urlTemplate\":\"https:\\\/\\\/camping-bertahof.at\\\/it\\\/?s={search_term_string}\"},\"query-input\":{\"@type\":\"PropertyValueSpecification\",\"valueRequired\":true,\"valueName\":\"search_term_string\"}}],\"inLanguage\":\"it-IT\"}]}<\/script>\n<!-- \/ Yoast SEO plugin. -->","yoast_head_json":{"title":"Mountainbike Touren - Camping Bertahof","description":"Impegnativo o piacevole: nella Valle di Gastein c'\u00e8 un percorso adatto a ciclisti e mountain biker di ogni livello.","robots":{"index":"index","follow":"follow","max-snippet":"max-snippet:-1","max-image-preview":"max-image-preview:large","max-video-preview":"max-video-preview:-1"},"canonical":"https:\/\/camping-bertahof.at\/it\/mountainbike\/","og_locale":"it_IT","og_type":"article","og_title":"Mountainbike Touren - Camping Bertahof","og_description":"Impegnativo o piacevole: nella Valle di Gastein c'\u00e8 un percorso adatto a ciclisti e mountain biker di ogni livello.","og_url":"https:\/\/camping-bertahof.at\/it\/mountainbike\/","og_site_name":"Camping Bertahof","article_publisher":"https:\/\/www.facebook.com\/CampingBertahof","article_modified_time":"2022-10-06T09:35:10+00:00","twitter_card":"summary_large_image","twitter_misc":{"Tempo di lettura stimato":"3 minuti"},"schema":{"@context":"https:\/\/schema.org","@graph":[{"@type":"WebPage","@id":"https:\/\/camping-bertahof.at\/it\/mountainbike\/","url":"https:\/\/camping-bertahof.at\/it\/mountainbike\/","name":"Mountainbike Touren - Camping Bertahof","isPartOf":{"@id":"https:\/\/camping-bertahof.at\/it\/#website"},"datePublished":"2010-07-22T19:05:40+00:00","dateModified":"2022-10-06T09:35:10+00:00","description":"Impegnativo o piacevole: nella Valle di Gastein c'\u00e8 un percorso adatto a ciclisti e mountain biker di ogni livello.","breadcrumb":{"@id":"https:\/\/camping-bertahof.at\/it\/mountainbike\/#breadcrumb"},"inLanguage":"it-IT","potentialAction":[{"@type":"ReadAction","target":["https:\/\/camping-bertahof.at\/it\/mountainbike\/"]}]},{"@type":"BreadcrumbList","@id":"https:\/\/camping-bertahof.at\/it\/mountainbike\/#breadcrumb","itemListElement":[{"@type":"ListItem","position":1,"name":"Startseite","item":"https:\/\/camping-bertahof.at\/it\/"},{"@type":"ListItem","position":2,"name":"Mountainbike Touren"}]},{"@type":"WebSite","@id":"https:\/\/camping-bertahof.at\/it\/#website","url":"https:\/\/camping-bertahof.at\/it\/","name":"Camping Bertahof","description":"365 giorni piacere di camping al valle pi\u00fa bello d\u00b4Austria!","potentialAction":[{"@type":"SearchAction","target":{"@type":"EntryPoint","urlTemplate":"https:\/\/camping-bertahof.at\/it\/?s={search_term_string}"},"query-input":{"@type":"PropertyValueSpecification","valueRequired":true,"valueName":"search_term_string"}}],"inLanguage":"it-IT"}]}},"_links":{"self":[{"href":"https:\/\/camping-bertahof.at\/it\/wp-json\/wp\/v2\/pages\/229","targetHints":{"allow":["GET"]}}],"collection":[{"href":"https:\/\/camping-bertahof.at\/it\/wp-json\/wp\/v2\/pages"}],"about":[{"href":"https:\/\/camping-bertahof.at\/it\/wp-json\/wp\/v2\/types\/page"}],"author":[{"embeddable":true,"href":"https:\/\/camping-bertahof.at\/it\/wp-json\/wp\/v2\/users\/7"}],"replies":[{"embeddable":true,"href":"https:\/\/camping-bertahof.at\/it\/wp-json\/wp\/v2\/comments?post=229"}],"version-history":[{"count":8,"href":"https:\/\/camping-bertahof.at\/it\/wp-json\/wp\/v2\/pages\/229\/revisions"}],"predecessor-version":[{"id":3672,"href":"https:\/\/camping-bertahof.at\/it\/wp-json\/wp\/v2\/pages\/229\/revisions\/3672"}],"wp:attachment":[{"href":"https:\/\/camping-bertahof.at\/it\/wp-json\/wp\/v2\/media?parent=229"}],"curies":[{"name":"wp","href":"https:\/\/api.w.org\/{rel}","templated":true}]}}