{"id":332,"date":"2010-07-24T17:00:13","date_gmt":"2010-07-24T17:00:13","guid":{"rendered":"http:\/\/camping-bertahof.at\/beta\/"},"modified":"2025-11-03T09:56:54","modified_gmt":"2025-11-03T09:56:54","slug":"prezzi","status":"publish","type":"page","link":"https:\/\/camping-bertahof.at\/it\/prezzi\/","title":{"rendered":"Prezzi Camping"},"content":{"rendered":"<div class=\"wpb-content-wrapper\"><p>[vc_row section=&#8221;yes&#8221;][vc_column]<div class=\"line-header text-center\"><h1>Prezzi<\/h1><span class=\"header-sep\"><\/span><\/div>[vc_column_text]\n<p style=\"text-align: center;\">Posti di 100 a 120 m\u00b2, allacciamento di corrente, gas, telefono e W-Lan Internet. Aqua. Uso di tutt\u00b4impianti sanitari incluso.<\/p>\n[\/vc_column_text][vc_tta_tabs color=&#8221;white&#8221; gap=&#8221;5&#8243; alignment=&#8221;center&#8221; active_section=&#8221;1&#8243; no_fill_content_area=&#8221;true&#8221;][vc_tta_section title=&#8221;Estate \/ Autunno&#8221; tab_id=&#8221;1463124152814-01cbcd15-6213e8a2-3ce1&#8243;]<div class=\"line-header text-left\"><h3>Estate \/ Autunno<\/h3><span class=\"header-sep\"><\/span><\/div>[vc_column_text css=&#8221;&#8221;]Bambini da 3 a 14 anni\u20ac 8,00\u20ac 6,00<\/p>\n<table class=\"table table-condensed table-hover\">\n<tbody>\n<tr>\n<td><strong>Comfort pitches at the Bertahof campsite<\/strong><\/td>\n<td valign=\"top\">\n<h3><strong>Saison A<\/strong><\/h3>\n<h3><strong>High season<\/strong><\/h3>\n<p>15.6.2024 &#8211; 21.9.2024<br \/>\n15.12.2024 &#8211; 22.3.2025<br \/>\n29.6.2024 &#8211; 20.9.2025<br \/>\n24.12.2025 &#8211; 21.3.2026<br \/>\n5.7.2026 &#8211; 26.9.2026<\/td>\n<td valign=\"top\">\n<h3><strong>Saison B<\/strong><\/h3>\n<h3><strong>Low season<\/strong><\/h3>\n<p>22.9.2024 &#8211; 24.12.2024<br \/>\n23.3.2024 &#8211; 28.6.2025<br \/>\n21.9.2025 &#8211; 13.12.2025<br \/>\n22.3.2026 &#8211; 4.7.2026<\/td>\n<\/tr>\n<tr>\n<td>Quota persona da 15 anni<\/td>\n<td align=\"right\">\u00a0\u20ac 12,50<\/td>\n<td align=\"right\">\u20ac 10,50<\/td>\n<\/tr>\n<tr>\n<td>Piazzola<\/td>\n<td align=\"right\">\u20ac 15,50<\/td>\n<td align=\"right\">\u00a0\u20ac 12,50<\/td>\n<\/tr>\n<tr>\n<td>Piazzola di comfort<\/td>\n<td align=\"right\">\u20ac 22,50<\/td>\n<td align=\"right\">\u00a0\u20ac 22,50<\/td>\n<\/tr>\n<tr>\n<td>Auto \/ rimorchio \/ tenda aggiuntiva in piazzola<\/td>\n<td align=\"right\">\u20ac 5,00<\/td>\n<td align=\"right\">\u20ac 5,00<\/td>\n<\/tr>\n<tr>\n<td>Tassa ambientale\/persona<\/td>\n<td align=\"right\">\u00a0\u20ac 1,20<\/td>\n<td align=\"right\">\u00a0\u20ac 1,20<\/td>\n<\/tr>\n<tr>\n<td>Cane (guinzaglio obbligatorio)<\/td>\n<td align=\"right\">\u00a0\u20ac 4,50<\/td>\n<td align=\"right\">\u00a0\u20ac 4,50<\/td>\n<\/tr>\n<tr>\n<td>Tenda senza auto (incl. elettricit\u00e0 per piccoli caricatori &amp; e-bike)<\/td>\n<td align=\"right\">\u00a0\u20ac 8,00<\/td>\n<td align=\"right\">\u00a0\u20ac 6,00<\/td>\n<\/tr>\n<tr>\n<td>Tenda con auto\/moto<\/td>\n<td align=\"right\">\u00a0\u20ac 10,50<\/td>\n<td align=\"right\">\u00a0\u20ac 8,50<\/td>\n<\/tr>\n<tr>\n<td>Elettricit\u00e0\/kw<\/td>\n<td align=\"right\">\u00a0\u20ac 1,05<\/td>\n<td align=\"right\">\u00a0\u20ac 1,05<\/td>\n<\/tr>\n<tr>\n<td>Gas\/m\u00b3<\/td>\n<td align=\"right\">\u00a0\u20ac 6,50<\/td>\n<td align=\"right\">\u00a0\u20ac 6,50<\/td>\n<\/tr>\n<tr>\n<td>Bagno\/luogo confortevole<\/td>\n<td align=\"right\">\u00a0\u20ac 10,00<\/td>\n<td align=\"right\">\u00a0\u20ac 7,00<\/td>\n<\/tr>\n<tr>\n<td>Affitto di uno stabilimento balneare\/luogo<\/td>\n<td align=\"right\">\u00a0\u20ac 22,00<\/td>\n<td align=\"right\">\u00a0\u20ac 20,00<\/td>\n<\/tr>\n<tr>\n<td>Tassa di soggiorno<\/td>\n<td align=\"right\">\u00a0\u20ac 2,10<\/td>\n<td align=\"right\">\u00a0\u20ac 2,10<\/td>\n<\/tr>\n<tr>\n<td>Tassa di mobilit\u00e0 (a persona\/notte)<\/td>\n<td align=\"right\">\u00a0\u20ac 0,50<\/td>\n<td align=\"right\">\u00a0\u20ac 0,50<\/td>\n<\/tr>\n<tr>\n<td>Tassa speciale sui pernottamenti<br \/>\nper persona soggetto a tassa di soggiorno per 5 o pi\u00f9 pernottamenti e soggiorno<\/td>\n<td align=\"right\">\u00a0\u20ac 1,10<\/td>\n<td align=\"right\">\u20ac 1,10<\/td>\n<\/tr>\n<\/tbody>\n<\/table>\n[\/vc_column_text][\/vc_tta_section][vc_tta_section title=&#8221;Prezzo forfetario&#8221; tab_id=&#8221;1470401287740-fe05ae21-c135e8a2-3ce1&#8243;]<div class=\"line-header text-left\"><h3>Prezzo forfetario<\/h3><span class=\"header-sep\"><\/span><\/div>[vc_column_text css=&#8221;&#8221;]\n<table class=\"table table-condensed table-hover\">\n<tbody>\n<tr>\n<td><\/td>\n<td style=\"text-align: center;\" valign=\"top\"><strong>Saison A<\/strong><br \/>\n<strong>High season<\/strong><br \/>\n15.6.2024 \u2013 21.9.2024<br \/>\n15.12.2024 \u2013 22.3.2025<br \/>\n29.6.2025 \u2013 20.9.2025<br \/>\n24.12.2025 \u2013 21.3.2026<br \/>\n5.7.2026 \u2013 26.9.2026<\/td>\n<td style=\"text-align: center;\" valign=\"top\"><strong>Saison B<\/strong><br \/>\n<strong>Low season<\/strong><br \/>\n22.9.2024 \u2013 24.12.2024<br \/>\n23.3.2025 \u2013 28.6.2025<br \/>\n21.9.2025 \u2013 13.12.2025<br \/>\n22.3.2026 \u2013 4.7.2026<\/td>\n<\/tr>\n<tr>\n<td>\u201eCampeggio Puro\u201c<\/td>\n<td align=\"right\">solo fuori stagione<\/td>\n<td align=\"right\">\u00a0\u20ac 200,00<\/td>\n<\/tr>\n<tr>\n<td>\u201eAssaggiatore\u201c<\/td>\n<td align=\"right\">\u00a0\u20ac 165,00<\/td>\n<td align=\"right\">\u00a0\u20ac 145,00<\/td>\n<\/tr>\n<tr>\n<td>\u201eTutto incluso\u201c<\/td>\n<td align=\"right\">\u00a0\u20ac 350,00<\/td>\n<td align=\"right\">\u00a0\u20ac 320,00<\/td>\n<\/tr>\n<tr>\n<td>Campeggio termale tutto l\u2018anno<\/td>\n<td align=\"right\">\u20ac 210,00<\/td>\n<td align=\"right\">\u20ac 210,00<\/td>\n<\/tr>\n<\/tbody>\n<\/table>\n[\/vc_column_text][\/vc_tta_section][vc_tta_section title=&#8221;Importi semestrali&#8221; tab_id=&#8221;1463124152886-18199093-924be8a2-3ce1&#8243;]<div class=\"line-header text-left\"><h3>Importi semestrali<\/h3><span class=\"header-sep\"><\/span><\/div>[vc_column_text css=&#8221;&#8221;]\n<table class=\"table table-condensed table-hover\">\n<tbody>\n<tr>\n<td><\/td>\n<td align=\"right\"><strong>Inverno<br \/>\nNov. &#8211; Aprile<\/strong><\/td>\n<td align=\"right\"><strong>Estate<br \/>\nMaggio &#8211; Ott.<\/strong><\/td>\n<\/tr>\n<tr>\n<td><strong>Tariffe forfettarie<\/strong><\/td>\n<td align=\"right\">\u20ac 1.700,00<\/td>\n<td align=\"right\">\u20ac 1.300,00<\/td>\n<\/tr>\n<tr>\n<td>Cani<\/td>\n<td align=\"right\">\u20ac 75,00<\/td>\n<td align=\"right\">\u20ac 75,00<\/td>\n<\/tr>\n<tr>\n<td>Bagno Comfort<\/td>\n<td align=\"right\">\u20ac 230,00<\/td>\n<td align=\"right\">\u20ac 160,00<\/td>\n<\/tr>\n<tr>\n<td>Contributo ambientale<\/td>\n<td align=\"right\">\u20ac 60,00<\/td>\n<td align=\"right\">\u20ac 60,00<\/td>\n<\/tr>\n<tr>\n<td>Tassa di soggiorno<\/td>\n<td align=\"right\">\u20ac 130,00<\/td>\n<td align=\"right\">\u20ac 130,00<\/td>\n<\/tr>\n<tr>\n<td>Tassa speciale sui pernottamenti<\/td>\n<td align=\"right\">\u20ac 39,00<\/td>\n<td align=\"right\">\u20ac 39,00<\/td>\n<\/tr>\n<\/tbody>\n<\/table>\n[\/vc_column_text][\/vc_tta_section][vc_tta_section title=&#8221;Importi annuali&#8221; tab_id=&#8221;1463124405880-ed4034c1-6fcae8a2-3ce1&#8243;]<div class=\"line-header text-left\"><h3>Importi annuali &#8211; attualmente nessuna capacit\u00e0 disponibile<\/h3><span class=\"header-sep\"><\/span><\/div>[vc_column_text css=&#8221;&#8221;]Prezzo su richiesta[\/vc_column_text][\/vc_tta_section][\/vc_tta_tabs][vc_column_text]Tutte le informazioni senza garanzia , soggetto a modifiche.[\/vc_column_text][vc_row_inner][vc_column_inner]<a href=\"https:\/\/camping-bertahof.at\/wp-content\/uploads\/Bertahof-Einzelpreisliste.pdf\" class=\"btn btn-default mt-btn-standard btn-block with-icon\" target=\"_blank\" data-anim-type=\"\">Download Pricelist (PDF)<i class=\"fa fa-cloud-download fa-lg\"><\/i><\/a>[\/vc_column_inner][\/vc_row_inner][\/vc_column][\/vc_row][vc_row][vc_column][vc_column_text]\n<h3>Condizioni di cancellazione<\/h3>\n<p>Gratuito fino a 48 ore prima dell&#8217;arrivo se si applicano i seguenti motivi: avviso di viaggio per Salisburgo, ordine di quarantena governativo per i viaggiatori di ritorno dalla provincia di Salisburgo. In tali situazioni la cancellazione \u00e8 gratuita. Idealmente, convertiremo il deposito effettuato in un buono di valore che non scadr\u00e0. Se \u00e8 possibile viaggiare senza restrizioni, qui troverete le condizioni di cancellazione per la prossima stagione:<\/p>\n<p>14 giorni prima dell&#8217;arrivo: 50%<\/p>\n<p>7 giorni prima dell&#8217;arrivo: 70%<\/p>\n<p>3 giorni prima dell&#8217;arrivo: 90%[\/vc_column_text][\/vc_column][\/vc_row]<\/p>\n<\/div>","protected":false},"excerpt":{"rendered":"<p>[vc_row section=&#8221;yes&#8221;][vc_column][vc_column_text] Posti di 100 a 120 m\u00b2, allacciamento di corrente, gas, telefono e W-Lan Internet. Aqua. Uso di tutt\u00b4impianti [&hellip;]<\/p>\n","protected":false},"author":7,"featured_media":0,"parent":0,"menu_order":50,"comment_status":"open","ping_status":"closed","template":"","meta":{"footnotes":""},"class_list":["post-332","page","type-page","status-publish","hentry"],"yoast_head":"<!-- This site is optimized with the Yoast SEO plugin v27.3 - https:\/\/yoast.com\/product\/yoast-seo-wordpress\/ -->\n<title>Prezzi Camping - Camping Bertahof<\/title>\n<meta name=\"description\" content=\"Ob Sommer oder Winter: Der Campingplatz Bertahof in Bad Hofgastein im Salzburger Land bietet alles f\u00fcr einen gelungenen Camping-Urlaub.\" \/>\n<meta name=\"robots\" content=\"index, follow, max-snippet:-1, max-image-preview:large, max-video-preview:-1\" \/>\n<link rel=\"canonical\" href=\"https:\/\/camping-bertahof.at\/it\/prezzi\/\" \/>\n<meta property=\"og:locale\" content=\"it_IT\" \/>\n<meta property=\"og:type\" content=\"article\" \/>\n<meta property=\"og:title\" content=\"Prezzi Camping - Camping Bertahof\" \/>\n<meta property=\"og:description\" content=\"Ob Sommer oder Winter: Der Campingplatz Bertahof in Bad Hofgastein im Salzburger Land bietet alles f\u00fcr einen gelungenen Camping-Urlaub.\" \/>\n<meta property=\"og:url\" content=\"https:\/\/camping-bertahof.at\/it\/prezzi\/\" \/>\n<meta property=\"og:site_name\" content=\"Camping Bertahof\" \/>\n<meta property=\"article:publisher\" content=\"https:\/\/www.facebook.com\/CampingBertahof\" \/>\n<meta property=\"article:modified_time\" content=\"2025-11-03T09:56:54+00:00\" \/>\n<meta name=\"twitter:card\" content=\"summary_large_image\" \/>\n<meta name=\"twitter:label1\" content=\"Tempo di lettura stimato\" \/>\n\t<meta name=\"twitter:data1\" content=\"2 minuti\" \/>\n<script type=\"application\/ld+json\" class=\"yoast-schema-graph\">{\"@context\":\"https:\\\/\\\/schema.org\",\"@graph\":[{\"@type\":\"WebPage\",\"@id\":\"https:\\\/\\\/camping-bertahof.at\\\/it\\\/prezzi\\\/\",\"url\":\"https:\\\/\\\/camping-bertahof.at\\\/it\\\/prezzi\\\/\",\"name\":\"Prezzi Camping - Camping Bertahof\",\"isPartOf\":{\"@id\":\"https:\\\/\\\/camping-bertahof.at\\\/it\\\/#website\"},\"datePublished\":\"2010-07-24T17:00:13+00:00\",\"dateModified\":\"2025-11-03T09:56:54+00:00\",\"description\":\"Ob Sommer oder Winter: Der Campingplatz Bertahof in Bad Hofgastein im Salzburger Land bietet alles f\u00fcr einen gelungenen Camping-Urlaub.\",\"breadcrumb\":{\"@id\":\"https:\\\/\\\/camping-bertahof.at\\\/it\\\/prezzi\\\/#breadcrumb\"},\"inLanguage\":\"it-IT\",\"potentialAction\":[{\"@type\":\"ReadAction\",\"target\":[\"https:\\\/\\\/camping-bertahof.at\\\/it\\\/prezzi\\\/\"]}]},{\"@type\":\"BreadcrumbList\",\"@id\":\"https:\\\/\\\/camping-bertahof.at\\\/it\\\/prezzi\\\/#breadcrumb\",\"itemListElement\":[{\"@type\":\"ListItem\",\"position\":1,\"name\":\"Startseite\",\"item\":\"https:\\\/\\\/camping-bertahof.at\\\/it\\\/\"},{\"@type\":\"ListItem\",\"position\":2,\"name\":\"Prezzi Camping\"}]},{\"@type\":\"WebSite\",\"@id\":\"https:\\\/\\\/camping-bertahof.at\\\/it\\\/#website\",\"url\":\"https:\\\/\\\/camping-bertahof.at\\\/it\\\/\",\"name\":\"Camping Bertahof\",\"description\":\"365 giorni piacere di camping al valle pi\u00fa bello d\u00b4Austria!\",\"potentialAction\":[{\"@type\":\"SearchAction\",\"target\":{\"@type\":\"EntryPoint\",\"urlTemplate\":\"https:\\\/\\\/camping-bertahof.at\\\/it\\\/?s={search_term_string}\"},\"query-input\":{\"@type\":\"PropertyValueSpecification\",\"valueRequired\":true,\"valueName\":\"search_term_string\"}}],\"inLanguage\":\"it-IT\"}]}<\/script>\n<!-- \/ Yoast SEO plugin. -->","yoast_head_json":{"title":"Prezzi Camping - Camping Bertahof","description":"Ob Sommer oder Winter: Der Campingplatz Bertahof in Bad Hofgastein im Salzburger Land bietet alles f\u00fcr einen gelungenen Camping-Urlaub.","robots":{"index":"index","follow":"follow","max-snippet":"max-snippet:-1","max-image-preview":"max-image-preview:large","max-video-preview":"max-video-preview:-1"},"canonical":"https:\/\/camping-bertahof.at\/it\/prezzi\/","og_locale":"it_IT","og_type":"article","og_title":"Prezzi Camping - Camping Bertahof","og_description":"Ob Sommer oder Winter: Der Campingplatz Bertahof in Bad Hofgastein im Salzburger Land bietet alles f\u00fcr einen gelungenen Camping-Urlaub.","og_url":"https:\/\/camping-bertahof.at\/it\/prezzi\/","og_site_name":"Camping Bertahof","article_publisher":"https:\/\/www.facebook.com\/CampingBertahof","article_modified_time":"2025-11-03T09:56:54+00:00","twitter_card":"summary_large_image","twitter_misc":{"Tempo di lettura stimato":"2 minuti"},"schema":{"@context":"https:\/\/schema.org","@graph":[{"@type":"WebPage","@id":"https:\/\/camping-bertahof.at\/it\/prezzi\/","url":"https:\/\/camping-bertahof.at\/it\/prezzi\/","name":"Prezzi Camping - Camping Bertahof","isPartOf":{"@id":"https:\/\/camping-bertahof.at\/it\/#website"},"datePublished":"2010-07-24T17:00:13+00:00","dateModified":"2025-11-03T09:56:54+00:00","description":"Ob Sommer oder Winter: Der Campingplatz Bertahof in Bad Hofgastein im Salzburger Land bietet alles f\u00fcr einen gelungenen Camping-Urlaub.","breadcrumb":{"@id":"https:\/\/camping-bertahof.at\/it\/prezzi\/#breadcrumb"},"inLanguage":"it-IT","potentialAction":[{"@type":"ReadAction","target":["https:\/\/camping-bertahof.at\/it\/prezzi\/"]}]},{"@type":"BreadcrumbList","@id":"https:\/\/camping-bertahof.at\/it\/prezzi\/#breadcrumb","itemListElement":[{"@type":"ListItem","position":1,"name":"Startseite","item":"https:\/\/camping-bertahof.at\/it\/"},{"@type":"ListItem","position":2,"name":"Prezzi Camping"}]},{"@type":"WebSite","@id":"https:\/\/camping-bertahof.at\/it\/#website","url":"https:\/\/camping-bertahof.at\/it\/","name":"Camping Bertahof","description":"365 giorni piacere di camping al valle pi\u00fa bello d\u00b4Austria!","potentialAction":[{"@type":"SearchAction","target":{"@type":"EntryPoint","urlTemplate":"https:\/\/camping-bertahof.at\/it\/?s={search_term_string}"},"query-input":{"@type":"PropertyValueSpecification","valueRequired":true,"valueName":"search_term_string"}}],"inLanguage":"it-IT"}]}},"_links":{"self":[{"href":"https:\/\/camping-bertahof.at\/it\/wp-json\/wp\/v2\/pages\/332","targetHints":{"allow":["GET"]}}],"collection":[{"href":"https:\/\/camping-bertahof.at\/it\/wp-json\/wp\/v2\/pages"}],"about":[{"href":"https:\/\/camping-bertahof.at\/it\/wp-json\/wp\/v2\/types\/page"}],"author":[{"embeddable":true,"href":"https:\/\/camping-bertahof.at\/it\/wp-json\/wp\/v2\/users\/7"}],"replies":[{"embeddable":true,"href":"https:\/\/camping-bertahof.at\/it\/wp-json\/wp\/v2\/comments?post=332"}],"version-history":[{"count":50,"href":"https:\/\/camping-bertahof.at\/it\/wp-json\/wp\/v2\/pages\/332\/revisions"}],"predecessor-version":[{"id":4221,"href":"https:\/\/camping-bertahof.at\/it\/wp-json\/wp\/v2\/pages\/332\/revisions\/4221"}],"wp:attachment":[{"href":"https:\/\/camping-bertahof.at\/it\/wp-json\/wp\/v2\/media?parent=332"}],"curies":[{"name":"wp","href":"https:\/\/api.w.org\/{rel}","templated":true}]}}