{"id":3770,"date":"2023-08-09T12:53:34","date_gmt":"2023-08-09T12:53:34","guid":{"rendered":"https:\/\/camping-bertahof.at\/?page_id=3770"},"modified":"2023-08-16T09:28:41","modified_gmt":"2023-08-16T09:28:41","slug":"mietwohnwagen","status":"publish","type":"page","link":"https:\/\/camping-bertahof.at\/it\/mietwohnwagen\/","title":{"rendered":"Mietwohnwagen No. 115"},"content":{"rendered":"<div class=\"wpb-content-wrapper\"><p>[vc_row section=&#8221;yes&#8221; sectionwidth=&#8221;fullwidth&#8221; paddingtop=&#8221;0px&#8221; paddingbottom=&#8221;50px&#8221;][vc_column][\/vc_column][\/vc_row][vc_row gap=&#8221;20&#8243; section=&#8221;yes&#8221; paddingtop=&#8221;50px&#8221; paddingbottom=&#8221;0px&#8221;][vc_column]<div class=\"line-header text-center\"><h1>Mietwohnwagen No. 115<\/h1><span class=\"header-sep\"><\/span><\/div>[vc_column_text]\n<h2 style=\"text-align: center;\">Ihr Camping-Urlaub mit unserem Wohnwagen No. 115<\/h2>\n<p>Verbringen Sie einen unvergesslichen Urlaub im Herzen der atemberaubenden Salzburger Alpen. Unser gem\u00fctlicher Wohnwagen erwartet Sie auf dem malerischen Campingplatz in Bad Hofgastein. Erleben Sie Freiheit, Natur und Komfort in einem \u2013 ganz ohne aufw\u00e4ndigen Aufbau. Dieser Wohnwagen bietet Ihnen die perfekte Basis f\u00fcr Ihre Abenteuer im Sommer wie im Winter!<\/p>\n<p><strong>Ihr Camping-Komfort ohne eigenen Wohnwagen<\/strong><\/p>\n<p>Unser liebevoll eingerichteter Wohnwagen bietet Platz f\u00fcr die ganze Familie. Genie\u00dfen Sie die heimelige Atmosph\u00e4re und die Annehmlichkeiten eines eigenen Zuhauses. Die gut ausgestattete K\u00fcche l\u00e4dt zum Kochen ein, w\u00e4hrend das gem\u00fctliche Wohnzimmerbereich f\u00fcr entspannte Abende nach aufregenden Tagen in den Bergen sorgt.[\/vc_column_text][vc_empty_space height=&#8221;50px&#8221;][vc_row_inner][vc_column_inner width=&#8221;1\/4&#8243;][vc_single_image image=&#8221;3781&#8243; img_size=&#8221;large&#8221; onclick=&#8221;link_image&#8221;][\/vc_column_inner][vc_column_inner width=&#8221;3\/4&#8243;][vc_column_text]\n<h3>Ausstattung<\/h3>\n<ul>\n<li>geeignet f\u00fcr 1 bis 3 Erwachsene bzw. f\u00fcr Eltern mit 2 Kindern<\/li>\n<li>Schlafzimmer mit Doppelbett<\/li>\n<li>Essbereich f\u00fcr bis zu 5 Personen<\/li>\n<li>K\u00fcche mit Gasherd und allem Zubeh\u00f6r zum Kochen: Geschirr, Gl\u00e4ser, Besteck, T\u00f6pfe, Wasserkocher, Nespresso-Kaffeemaschine inkl. Tee- und Kaffeekapseln u.v.m.<\/li>\n<\/ul>\n<hr \/>\n<p><strong>Achtung:<\/strong> Aus Sicherheitsgr\u00fcnden und aufgrund der erh\u00f6hten Frostgefahr an kalten Tagen gibt es kein flie\u00dfendes Wasser, da Restwasser die Leitungen blockieren k\u00f6nnte. Selbstverst\u00e4ndlich stellen wir Ihnen ausreichend Wasser zum Trinken, Kochen und Reinigen in Form von Wasserflaschen zur Verf\u00fcgung.<\/p>\n<p><strong>F\u00fcr Mieter des Wohnwagens No. 115 gibt es exklusiven Zutritt zu unseren Komfort-Badeh\u00e4usern, die sich direkt neben dem Wohnwagen befinden.<\/strong>[\/vc_column_text][\/vc_column_inner][\/vc_row_inner][\/vc_column][\/vc_row][vc_row section=&#8221;yes&#8221; paddingtop=&#8221;50px&#8221; paddingbottom=&#8221;50px&#8221; backgroundcolor=&#8221;#fffef7&#8243;][vc_column][vc_row_inner][vc_column_inner width=&#8221;1\/2&#8243;]<div class=\"line-header text-center\"><h2>Leistungen inklusive<\/h2><span class=\"header-sep\"><\/span><\/div>[vc_column_text]\n<ul>\n<li>Kostenfreies WLAN<\/li>\n<li>Parkplatz direkt vor der Haust\u00fcr und eine Bushaltestelle vor den Toren des Campingplatzes<\/li>\n<li>Trocknerraum f\u00fcr das Ski-Equipment<\/li>\n<li>Rad-Raum<\/li>\n<li>Ben\u00fctzung des Bertahof Waschsalons mit Waschmaschine und Trockner<\/li>\n<li>Komfort-Badehaus<\/li>\n<li>Spielplatz<\/li>\n<li>Frische Bergluft und ein atemberaubendes Panorama<\/li>\n<\/ul>\n[\/vc_column_text][\/vc_column_inner][vc_column_inner width=&#8221;1\/2&#8243;]<div class=\"line-header text-center\"><h2>Die Extras<\/h2><span class=\"header-sep\"><\/span><\/div>[vc_column_text]\n<ul>\n<li>Fr\u00fchst\u00fcckskorb und Brotservice zum Bestellen: Frische Semmerl &amp; Geb\u00e4ck f\u00fcr den Start in den Morgen. Fr\u00fchst\u00fcck: \u20ac 35 f\u00fcr 2 Personen<\/li>\n<li>Auf Wunsch machen wir zwischendurch sauber (30 \u20ac) und wechseln die Bettw\u00e4sche und Handt\u00fccher (10,- \u20ac)<\/li>\n<li>Der Badesee ist zu Fu\u00df in wenigen Minuten erreichbar.<\/li>\n<li>Haustiere sind erlaubt: 15 \u20ac pro Tag. Wir bitten um eine Voranmeldung.<\/li>\n<li><a href=\"https:\/\/bertahof.at\">Kulinarisches Verw\u00f6hnprogramm im Landgasthof Bertahof<\/a>: Pizza und regionale Schmankerl #dahoam<\/li>\n<\/ul>\n<p>Anreise ab 15:00 \/ Abreise bis 10:00[\/vc_column_text][\/vc_column_inner][\/vc_row_inner][vc_empty_space height=&#8221;50px&#8221;][vc_masonry_media_grid element_width=&#8221;3&#8243; item=&#8221;mediaGrid_FadeInWithIcon&#8221; initial_loading_animation=&#8221;none&#8221; grid_id=&#8221;vc_gid:1692178088075-ef007f42-60e0-7&#8243; include=&#8221;3792,3795,3798,3801,3804,3810,3813,3816,3819,3828,3831,3834&#8243; el_class=&#8221;wplightbox&#8221;]<div class=\"line-header text-center\"><h2>Alpiner Flair mit pers\u00f6nlicher Note<\/h2><span class=\"header-sep\"><\/span><\/div>[vc_column_text]\n<h3>Naturerlebnis und Entspannung im Wohnwagen<\/h3>\n<p>Nach einem aktiven Tag in der Natur bietet der Campingplatz eine ruhige und erholsame Umgebung. Lassen Sie sich von der magischen Atmosph\u00e4re der Alpen verzaubern, w\u00e4hrend Sie vor dem Wohnwagen No. 115 den Sonnenuntergang genie\u00dfen. Hier tanken Sie neue Energie f\u00fcr aufregende Tage voller Abenteuer.<\/p>\n<p>Mit unserem Wohnwagen haben Sie die Freiheit, Ihren Urlaub ganz nach Ihren Vorstellungen zu gestalten. Erkunden Sie die Umgebung auf eigene Faust oder lassen Sie sich von lokalen Geheimtipps inspirieren \u2013 das Gasteinertal hat f\u00fcr Sommer und Winter immer etwas zu bieten.<\/p>\n<p><strong>Buchen Sie noch heute!<\/strong> Sichern Sie sich jetzt Ihren Traumurlaub im Wohnwagen auf Stellplatz 115 am Campingplatz Bertahof. Erleben Sie die Faszination der Salzburger Alpen, ohne auf Komfort und Gem\u00fctlichkeit verzichten zu m\u00fcssen. Ihr unvergessliches Abenteuer wartet \u2013 kontaktieren Sie uns und reservieren Sie Ihren Termin![\/vc_column_text][vc_column_text]\n<p style=\"text-align: center; font-size: large;\">Preis: 43,50 \u20ac pro Person und Tag<\/p>\n<p style=\"text-align: center;\">Exklusive: Endreinigung, Zusatzarrangements wie Fr\u00fchst\u00fcck, Brotservice, Pizzaservice, Schmankerl f\u00fcr #dahoam zum Erw\u00e4rmen, Kurtaxe (2,10 \u20ac pro Person und N\u00e4chtigung), Umweltbeitrag (1,20 \u20ac pro Person und N\u00e4chtigung) und Forschungsinstituts-Abgabe (FIB, 1.80 \u20ac\/P ab einem Aufenthalt ab 3 N\u00e4chte).<\/p>\n<p style=\"text-align: center;\">Anreise ab 15:00 \/ Abreise bis 10:00<\/p>\n[\/vc_column_text][\/vc_column][\/vc_row][vc_row section=&#8221;yes&#8221;][vc_column][vc_raw_html]JTNDZGl2JTIwaWQlM0QlMjJidWNoZW4lMjIlM0UlM0MlMkZkaXYlM0UlM0NociUzRQ==[\/vc_raw_html]<div class=\"line-header text-center\"><h2>Ihre Buchungsanfrage<\/h2><span class=\"header-sep\"><\/span><\/div>\n<div class=\"wpcf7 no-js\" id=\"wpcf7-f3842-o1\" lang=\"\" dir=\"ltr\" data-wpcf7-id=\"3842\">\n<div class=\"screen-reader-response\"><p role=\"status\" aria-live=\"polite\" aria-atomic=\"true\"><\/p> <ul><\/ul><\/div>\n<form action=\"\/it\/wp-json\/wp\/v2\/pages\/3770#wpcf7-f3842-o1\" method=\"post\" class=\"wpcf7-form init\" aria-label=\"Modulo di contatto\" novalidate=\"novalidate\" data-status=\"init\">\n<fieldset class=\"hidden-fields-container\"><input type=\"hidden\" name=\"_wpcf7\" value=\"3842\" \/><input type=\"hidden\" name=\"_wpcf7_version\" value=\"6.1.5\" \/><input type=\"hidden\" name=\"_wpcf7_locale\" value=\"\" \/><input type=\"hidden\" name=\"_wpcf7_unit_tag\" value=\"wpcf7-f3842-o1\" \/><input type=\"hidden\" name=\"_wpcf7_container_post\" value=\"0\" \/><input type=\"hidden\" name=\"_wpcf7_posted_data_hash\" value=\"\" \/><input type=\"hidden\" name=\"_wpcf7dtx_version\" value=\"5.0.5\" \/>\n<\/fieldset>\n<div class=\"row\">\n\t<div class=\"col-md-4\">\n\t\t<p><label>Gew\u00fcnschter Zeitraum*<\/label>\n\t\t<\/p>\n\t<\/div>\n\t<div class=\"col-md-8\">\n\t\t<p>Ankunft:<span class=\"wpcf7-form-control-wrap\" data-name=\"VON\"><input class=\"wpcf7-form-control wpcf7-date wpcf7-validates-as-required wpcf7-validates-as-date\" aria-required=\"true\" aria-invalid=\"false\" value=\"\" type=\"date\" name=\"VON\" \/><\/span> Abfahrt: <span class=\"wpcf7-form-control-wrap\" data-name=\"BIS\"><input class=\"wpcf7-form-control wpcf7-date wpcf7-validates-as-required wpcf7-validates-as-date\" aria-required=\"true\" aria-invalid=\"false\" value=\"\" type=\"date\" name=\"BIS\" \/><\/span>\n\t\t<\/p>\n\t<\/div>\n\t<div class=\"col-md-4\">\n\t\t<p><label>Anzahl Erwachsene*<\/label>\n\t\t<\/p>\n\t<\/div>\n\t<div class=\"col-md-8\">\n\t\t<p><span class=\"wpcf7-form-control-wrap\" data-name=\"ANZERW\"><input size=\"40\" maxlength=\"400\" class=\"wpcf7-form-control wpcf7-text wpcf7-validates-as-required\" aria-required=\"true\" aria-invalid=\"false\" value=\"\" type=\"text\" name=\"ANZERW\" \/><\/span>\n\t\t<\/p>\n\t<\/div>\n\t<div class=\"col-md-4\">\n\t\t<p><label>Anzahl Kinder*<\/label>\n\t\t<\/p>\n\t<\/div>\n\t<div class=\"col-md-8\">\n\t\t<p><span class=\"wpcf7-form-control-wrap\" data-name=\"ANZKINDER\"><input size=\"40\" maxlength=\"400\" class=\"wpcf7-form-control wpcf7-text wpcf7-validates-as-required\" aria-required=\"true\" aria-invalid=\"false\" value=\"\" type=\"text\" name=\"ANZKINDER\" \/><\/span>\n\t\t<\/p>\n\t<\/div>\n\t<div class=\"col-md-4\">\n\t\t<p><label>Vorname*<\/label>\n\t\t<\/p>\n\t<\/div>\n\t<div class=\"col-md-8\">\n\t\t<p><span class=\"wpcf7-form-control-wrap\" data-name=\"Vorname\"><input size=\"40\" maxlength=\"400\" class=\"wpcf7-form-control wpcf7-text wpcf7-validates-as-required\" aria-required=\"true\" aria-invalid=\"false\" value=\"\" type=\"text\" name=\"Vorname\" \/><\/span>\n\t\t<\/p>\n\t<\/div>\n\t<div class=\"col-md-4\">\n\t\t<p><label>Nachname*<\/label>\n\t\t<\/p>\n\t<\/div>\n\t<div class=\"col-md-8\">\n\t\t<p><span class=\"wpcf7-form-control-wrap\" data-name=\"Nachname\"><input size=\"40\" maxlength=\"400\" class=\"wpcf7-form-control wpcf7-text wpcf7-validates-as-required\" aria-required=\"true\" aria-invalid=\"false\" value=\"\" type=\"text\" name=\"Nachname\" \/><\/span>\n\t\t<\/p>\n\t<\/div>\n\t<div class=\"col-md-4\">\n\t\t<p><label>Strasse*<\/label>\n\t\t<\/p>\n\t<\/div>\n\t<div class=\"col-md-8\">\n\t\t<p><span class=\"wpcf7-form-control-wrap\" data-name=\"STR\"><input size=\"40\" maxlength=\"400\" class=\"wpcf7-form-control wpcf7-text wpcf7-validates-as-required\" aria-required=\"true\" aria-invalid=\"false\" value=\"\" type=\"text\" name=\"STR\" \/><\/span>\n\t\t<\/p>\n\t<\/div>\n\t<div class=\"col-md-4\">\n\t\t<p><label>PLZ*<\/label>\n\t\t<\/p>\n\t<\/div>\n\t<div class=\"col-md-8\">\n\t\t<p><span class=\"wpcf7-form-control-wrap\" data-name=\"CPLZ\"><input size=\"40\" maxlength=\"400\" class=\"wpcf7-form-control wpcf7-text wpcf7-validates-as-required\" aria-required=\"true\" aria-invalid=\"false\" value=\"\" type=\"text\" name=\"CPLZ\" \/><\/span>\n\t\t<\/p>\n\t<\/div>\n\t<div class=\"col-md-4\">\n\t\t<p><label>Ort*<\/label>\n\t\t<\/p>\n\t<\/div>\n\t<div class=\"col-md-8\">\n\t\t<p><span class=\"wpcf7-form-control-wrap\" data-name=\"Ort\"><input size=\"40\" maxlength=\"400\" class=\"wpcf7-form-control wpcf7-text wpcf7-validates-as-required\" aria-required=\"true\" aria-invalid=\"false\" value=\"\" type=\"text\" name=\"Ort\" \/><\/span>\n\t\t<\/p>\n\t<\/div>\n\t<div class=\"col-md-4\">\n\t\t<p><label>Land*<\/label>\n\t\t<\/p>\n\t<\/div>\n\t<div class=\"col-md-8\">\n\t\t<p><span class=\"wpcf7-form-control-wrap\" data-name=\"INT\"><input size=\"40\" maxlength=\"400\" class=\"wpcf7-form-control wpcf7-text wpcf7-validates-as-required\" aria-required=\"true\" aria-invalid=\"false\" value=\"\" type=\"text\" name=\"INT\" \/><\/span>\n\t\t<\/p>\n\t<\/div>\n\t<div class=\"col-md-4\">\n\t\t<p><label>Telefon*<\/label>\n\t\t<\/p>\n\t<\/div>\n\t<div class=\"col-md-8\">\n\t\t<p><span class=\"wpcf7-form-control-wrap\" data-name=\"TEL\"><input size=\"40\" maxlength=\"400\" class=\"wpcf7-form-control wpcf7-text wpcf7-validates-as-required\" aria-required=\"true\" aria-invalid=\"false\" value=\"\" type=\"text\" name=\"TEL\" \/><\/span>\n\t\t<\/p>\n\t<\/div>\n\t<div class=\"col-md-4\">\n\t\t<p><label>Email*<\/label>\n\t\t<\/p>\n\t<\/div>\n\t<div class=\"col-md-8\">\n\t\t<p><span class=\"wpcf7-form-control-wrap\" data-name=\"EMAIL\"><input size=\"40\" maxlength=\"400\" class=\"wpcf7-form-control wpcf7-email wpcf7-validates-as-required wpcf7-text wpcf7-validates-as-email\" aria-required=\"true\" aria-invalid=\"false\" value=\"\" type=\"email\" name=\"EMAIL\" \/><\/span>\n\t\t<\/p>\n\t<\/div>\n\t<p><span id=\"wpcf7-69deeae343502-wrapper\" class=\"wpcf7-form-control-wrap url-wrap\" style=\"display:none !important; visibility:hidden !important;\"><label for=\"wpcf7-69deeae343502-field\" class=\"hp-message\">Si prega di lasciare vuoto questo campo.<\/label><input id=\"wpcf7-69deeae343502-field\"  placeholder=\"url\"  class=\"wpcf7-form-control wpcf7-text\" type=\"text\" name=\"url\" value=\"\" size=\"40\" tabindex=\"-1\" autocomplete=\"new-password\" \/><\/span><span id=\"wpcf7-69deeae3435ed-wrapper\" class=\"wpcf7-form-control-wrap phone-wrap\" style=\"display:none !important; visibility:hidden !important;\"><input type=\"hidden\" name=\"phone-time-start\" value=\"1776216803\"><input type=\"hidden\" name=\"phone-time-check\" value=\"2\"><label for=\"wpcf7-69deeae3435ed-field\" class=\"hp-message\">Si prega di lasciare vuoto questo campo.<\/label><input id=\"wpcf7-69deeae3435ed-field\"  class=\"wpcf7-form-control wpcf7-text\" type=\"text\" name=\"phone\" value=\"\" size=\"40\" tabindex=\"-1\" autocomplete=\"new-password\" \/><\/span><span id=\"wpcf7-69deeae343659-wrapper\" class=\"wpcf7-form-control-wrap website-wrap\" style=\"display:none !important; visibility:hidden !important;\"><label for=\"wpcf7-69deeae343659-field\" class=\"hp-message\">Si prega di lasciare vuoto questo campo.<\/label><input id=\"wpcf7-69deeae343659-field\"  placeholder=\"Website\"  class=\"wpcf7-form-control wpcf7-text\" type=\"text\" name=\"website\" value=\"\" size=\"40\" tabindex=\"-1\" autocomplete=\"new-password\" \/><\/span>\n\t<\/p>\n\t<div class=\"col-md-4\">\n\t\t<p><label>Hier k\u00f6nnen Sie uns eine Nachricht hinterlassen<\/label>\n\t\t<\/p>\n\t<\/div>\n\t<div class=\"col-md-8\">\n\t\t<p><span class=\"wpcf7-form-control-wrap\" data-name=\"BINFO\"><textarea cols=\"40\" rows=\"10\" maxlength=\"2000\" class=\"wpcf7-form-control wpcf7-textarea\" aria-invalid=\"false\" name=\"BINFO\"><\/textarea><\/span>\n\t\t<\/p>\n\t<\/div>\n\t<div class=\"col-md-12\">\n\t\t<p><span class=\"wpcf7-form-control-wrap\" data-name=\"Disclaimer\"><span class=\"wpcf7-form-control wpcf7-acceptance\"><span class=\"wpcf7-list-item\"><label><input type=\"checkbox\" name=\"Disclaimer\" value=\"1\" aria-invalid=\"false\" \/><span class=\"wpcf7-list-item-label\">Ja, ich habe die <a href=\"https:\/\/camping-bertahof.at\/datenschutz\/\">Nutzungsbedingungen<\/a> gelesen und bin damit einverstanden.<\/span><\/label><\/span><\/span><\/span><br \/>\n<span class=\"pull-right\"><input class=\"wpcf7-form-control wpcf7-submit has-spinner\" type=\"submit\" value=\"Buchungsanfrage f\u00fcr Mietwohnwagen abschicken\" \/><\/span>\n\t\t<\/p>\n\t<\/div>\n<\/div><div class=\"wpcf7-response-output\" aria-hidden=\"true\"><\/div>\n<\/form>\n<\/div>\n[vc_row_inner][vc_column_inner][vc_column_text]\n<h4>Stornobedingungen<\/h4>\n<p>Kostenfrei bis 48 Stunden vor Anreise, wenn folgende Gr\u00fcnde vorliegen: Reisewarnung f\u00fcr Salzburg, staatliche Quarant\u00e4neordnung f\u00fcr R\u00fcckreisende aus dem Bundesland Salzburg. In solchen Situationen ist die Stornierung kostenlos. Die von Ihnen get\u00e4tigte Anzahlung wandeln wir idealerweise in einen Wertgutschein um, der Ihnen nicht verf\u00e4llt. Sollte ein uneingeschr\u00e4nktes Reisen m\u00f6glich sein, finden Sie hier die Stornobedingungen f\u00fcr die kommende Saison:<\/p>\n<ul>\n<li>28 Tage vor Anreise: 30 %<\/li>\n<li>21 Tage vor Anreise: 50 %<\/li>\n<li>14 Tage vor Anreise: 70 %<\/li>\n<li>7 Tage vor Anreise: 90 %<\/li>\n<li>Nichtanreise &amp; vorzeitige Anreise: 100%<\/li>\n<\/ul>\n[\/vc_column_text][\/vc_column_inner][\/vc_row_inner][\/vc_column][\/vc_row]<\/p>\n<\/div>","protected":false},"excerpt":{"rendered":"<p>[vc_row section=&#8221;yes&#8221; sectionwidth=&#8221;fullwidth&#8221; paddingtop=&#8221;0px&#8221; paddingbottom=&#8221;50px&#8221;][vc_column][\/vc_column][\/vc_row][vc_row gap=&#8221;20&#8243; section=&#8221;yes&#8221; paddingtop=&#8221;50px&#8221; paddingbottom=&#8221;0px&#8221;][vc_column][vc_column_text] Ihr Camping-Urlaub mit unserem Wohnwagen No. 115 Verbringen Sie einen unvergesslichen [&hellip;]<\/p>\n","protected":false},"author":7,"featured_media":0,"parent":0,"menu_order":0,"comment_status":"closed","ping_status":"closed","template":"template-sections.php","meta":{"footnotes":""},"class_list":["post-3770","page","type-page","status-publish","hentry"],"yoast_head":"<!-- This site is optimized with the Yoast SEO plugin v27.3 - https:\/\/yoast.com\/product\/yoast-seo-wordpress\/ -->\n<title>Mietwohnwagen No. 115 - Camping Bertahof<\/title>\n<meta name=\"description\" content=\"Ob Sommer oder Winter: Der Campingplatz Bertahof in Bad Hofgastein im Salzburger Land bietet alles f\u00fcr einen gelungenen Camping-Urlaub.\" \/>\n<meta name=\"robots\" content=\"index, follow, max-snippet:-1, max-image-preview:large, max-video-preview:-1\" \/>\n<link rel=\"canonical\" href=\"https:\/\/camping-bertahof.at\/it\/mietwohnwagen\/\" \/>\n<meta property=\"og:locale\" content=\"it_IT\" \/>\n<meta property=\"og:type\" content=\"article\" \/>\n<meta property=\"og:title\" content=\"Mietwohnwagen No. 115 - Camping Bertahof\" \/>\n<meta property=\"og:description\" content=\"Ob Sommer oder Winter: Der Campingplatz Bertahof in Bad Hofgastein im Salzburger Land bietet alles f\u00fcr einen gelungenen Camping-Urlaub.\" \/>\n<meta property=\"og:url\" content=\"https:\/\/camping-bertahof.at\/it\/mietwohnwagen\/\" \/>\n<meta property=\"og:site_name\" content=\"Camping Bertahof\" \/>\n<meta property=\"article:publisher\" content=\"https:\/\/www.facebook.com\/CampingBertahof\" \/>\n<meta property=\"article:modified_time\" content=\"2023-08-16T09:28:41+00:00\" \/>\n<meta name=\"twitter:card\" content=\"summary_large_image\" \/>\n<meta name=\"twitter:label1\" content=\"Tempo di lettura stimato\" \/>\n\t<meta name=\"twitter:data1\" content=\"4 minuti\" \/>\n<script type=\"application\/ld+json\" class=\"yoast-schema-graph\">{\"@context\":\"https:\\\/\\\/schema.org\",\"@graph\":[{\"@type\":\"WebPage\",\"@id\":\"https:\\\/\\\/camping-bertahof.at\\\/it\\\/mietwohnwagen\\\/\",\"url\":\"https:\\\/\\\/camping-bertahof.at\\\/it\\\/mietwohnwagen\\\/\",\"name\":\"Mietwohnwagen No. 115 - Camping Bertahof\",\"isPartOf\":{\"@id\":\"https:\\\/\\\/camping-bertahof.at\\\/it\\\/#website\"},\"datePublished\":\"2023-08-09T12:53:34+00:00\",\"dateModified\":\"2023-08-16T09:28:41+00:00\",\"description\":\"Ob Sommer oder Winter: Der Campingplatz Bertahof in Bad Hofgastein im Salzburger Land bietet alles f\u00fcr einen gelungenen Camping-Urlaub.\",\"breadcrumb\":{\"@id\":\"https:\\\/\\\/camping-bertahof.at\\\/it\\\/mietwohnwagen\\\/#breadcrumb\"},\"inLanguage\":\"it-IT\",\"potentialAction\":[{\"@type\":\"ReadAction\",\"target\":[\"https:\\\/\\\/camping-bertahof.at\\\/it\\\/mietwohnwagen\\\/\"]}]},{\"@type\":\"BreadcrumbList\",\"@id\":\"https:\\\/\\\/camping-bertahof.at\\\/it\\\/mietwohnwagen\\\/#breadcrumb\",\"itemListElement\":[{\"@type\":\"ListItem\",\"position\":1,\"name\":\"Startseite\",\"item\":\"https:\\\/\\\/camping-bertahof.at\\\/it\\\/\"},{\"@type\":\"ListItem\",\"position\":2,\"name\":\"Mietwohnwagen No. 115\"}]},{\"@type\":\"WebSite\",\"@id\":\"https:\\\/\\\/camping-bertahof.at\\\/it\\\/#website\",\"url\":\"https:\\\/\\\/camping-bertahof.at\\\/it\\\/\",\"name\":\"Camping Bertahof\",\"description\":\"365 giorni piacere di camping al valle pi\u00fa bello d\u00b4Austria!\",\"potentialAction\":[{\"@type\":\"SearchAction\",\"target\":{\"@type\":\"EntryPoint\",\"urlTemplate\":\"https:\\\/\\\/camping-bertahof.at\\\/it\\\/?s={search_term_string}\"},\"query-input\":{\"@type\":\"PropertyValueSpecification\",\"valueRequired\":true,\"valueName\":\"search_term_string\"}}],\"inLanguage\":\"it-IT\"}]}<\/script>\n<!-- \/ Yoast SEO plugin. -->","yoast_head_json":{"title":"Mietwohnwagen No. 115 - Camping Bertahof","description":"Ob Sommer oder Winter: Der Campingplatz Bertahof in Bad Hofgastein im Salzburger Land bietet alles f\u00fcr einen gelungenen Camping-Urlaub.","robots":{"index":"index","follow":"follow","max-snippet":"max-snippet:-1","max-image-preview":"max-image-preview:large","max-video-preview":"max-video-preview:-1"},"canonical":"https:\/\/camping-bertahof.at\/it\/mietwohnwagen\/","og_locale":"it_IT","og_type":"article","og_title":"Mietwohnwagen No. 115 - Camping Bertahof","og_description":"Ob Sommer oder Winter: Der Campingplatz Bertahof in Bad Hofgastein im Salzburger Land bietet alles f\u00fcr einen gelungenen Camping-Urlaub.","og_url":"https:\/\/camping-bertahof.at\/it\/mietwohnwagen\/","og_site_name":"Camping Bertahof","article_publisher":"https:\/\/www.facebook.com\/CampingBertahof","article_modified_time":"2023-08-16T09:28:41+00:00","twitter_card":"summary_large_image","twitter_misc":{"Tempo di lettura stimato":"4 minuti"},"schema":{"@context":"https:\/\/schema.org","@graph":[{"@type":"WebPage","@id":"https:\/\/camping-bertahof.at\/it\/mietwohnwagen\/","url":"https:\/\/camping-bertahof.at\/it\/mietwohnwagen\/","name":"Mietwohnwagen No. 115 - Camping Bertahof","isPartOf":{"@id":"https:\/\/camping-bertahof.at\/it\/#website"},"datePublished":"2023-08-09T12:53:34+00:00","dateModified":"2023-08-16T09:28:41+00:00","description":"Ob Sommer oder Winter: Der Campingplatz Bertahof in Bad Hofgastein im Salzburger Land bietet alles f\u00fcr einen gelungenen Camping-Urlaub.","breadcrumb":{"@id":"https:\/\/camping-bertahof.at\/it\/mietwohnwagen\/#breadcrumb"},"inLanguage":"it-IT","potentialAction":[{"@type":"ReadAction","target":["https:\/\/camping-bertahof.at\/it\/mietwohnwagen\/"]}]},{"@type":"BreadcrumbList","@id":"https:\/\/camping-bertahof.at\/it\/mietwohnwagen\/#breadcrumb","itemListElement":[{"@type":"ListItem","position":1,"name":"Startseite","item":"https:\/\/camping-bertahof.at\/it\/"},{"@type":"ListItem","position":2,"name":"Mietwohnwagen No. 115"}]},{"@type":"WebSite","@id":"https:\/\/camping-bertahof.at\/it\/#website","url":"https:\/\/camping-bertahof.at\/it\/","name":"Camping Bertahof","description":"365 giorni piacere di camping al valle pi\u00fa bello d\u00b4Austria!","potentialAction":[{"@type":"SearchAction","target":{"@type":"EntryPoint","urlTemplate":"https:\/\/camping-bertahof.at\/it\/?s={search_term_string}"},"query-input":{"@type":"PropertyValueSpecification","valueRequired":true,"valueName":"search_term_string"}}],"inLanguage":"it-IT"}]}},"_links":{"self":[{"href":"https:\/\/camping-bertahof.at\/it\/wp-json\/wp\/v2\/pages\/3770","targetHints":{"allow":["GET"]}}],"collection":[{"href":"https:\/\/camping-bertahof.at\/it\/wp-json\/wp\/v2\/pages"}],"about":[{"href":"https:\/\/camping-bertahof.at\/it\/wp-json\/wp\/v2\/types\/page"}],"author":[{"embeddable":true,"href":"https:\/\/camping-bertahof.at\/it\/wp-json\/wp\/v2\/users\/7"}],"replies":[{"embeddable":true,"href":"https:\/\/camping-bertahof.at\/it\/wp-json\/wp\/v2\/comments?post=3770"}],"version-history":[{"count":27,"href":"https:\/\/camping-bertahof.at\/it\/wp-json\/wp\/v2\/pages\/3770\/revisions"}],"predecessor-version":[{"id":3847,"href":"https:\/\/camping-bertahof.at\/it\/wp-json\/wp\/v2\/pages\/3770\/revisions\/3847"}],"wp:attachment":[{"href":"https:\/\/camping-bertahof.at\/it\/wp-json\/wp\/v2\/media?parent=3770"}],"curies":[{"name":"wp","href":"https:\/\/api.w.org\/{rel}","templated":true}]}}