{"id":4145,"date":"2021-06-08T15:53:06","date_gmt":"2021-06-08T15:53:06","guid":{"rendered":"https:\/\/camping-bertahof.at\/chalet-bertahof\/"},"modified":"2026-01-30T10:17:03","modified_gmt":"2026-01-30T10:17:03","slug":"chalet-bertahof","status":"publish","type":"page","link":"https:\/\/camping-bertahof.at\/it\/chalet-bertahof\/","title":{"rendered":"Chalet Bertahof"},"content":{"rendered":"<div class=\"wpb-content-wrapper\"><p>[vc_row][vc_column][\/vc_column][\/vc_row][vc_row gap=&#8221;20&#8243; section=&#8221;yes&#8221; paddingtop=&#8221;50px&#8221; paddingbottom=&#8221;0px&#8221;][vc_column]<div class=\"line-header text-center\"><h2>La migliore vacanza qui!<\/h2><span class=\"header-sep\"><\/span><\/div>[vc_column_text css=&#8221;&#8221;]\n<p style=\"text-align: center;\">Lo Chalet Bertahof \u00e8 una casetta molto speciale fatta con amore e rappresenta la sistemazione perfetta per tutti coloro che vogliono godersi il lusso della pace e della tranquillit\u00e0 in mezzo alla natura del Camping Bertahof.<\/p>\n<p style=\"text-align: center;\">Il nostro nuovo chalet \u00e8 il domicilio ideale per escursionisti, ciclisti, sciatori, fondisti e per tutti coloro che vogliono esplorare il nostro paesaggio mozzafiato in pace e relax. \u00c8 anche un indirizzo eccellente per famiglie, coppie e amici che desiderano trascorrere le loro vacanze a Bad Hofgastein.<\/p>\n[\/vc_column_text][vc_empty_space height=&#8221;50px&#8221;][vc_row_inner][vc_column_inner width=&#8221;1\/2&#8243;][vc_single_image image=&#8221;3478&#8243; img_size=&#8221;large&#8221; onclick=&#8221;link_image&#8221;][\/vc_column_inner][vc_column_inner width=&#8221;1\/2&#8243;][vc_column_text css=&#8221;&#8221;]\n<h3>Caratteristiche<\/h3>\n<ul>\n<li>Superficie: 42 m\u00b2, adatto per 1-3 adulti o per genitori con 2 bambini<\/li>\n<li>Lo chalet \u00e8 realizzato con materiali naturali come legno e pietra.<\/li>\n<li>Camera da letto con letto matrimoniale e TV a schermo piatto<\/li>\n<li>Cabina armadio con grande armadio e appendiabiti a sufficienza<\/li>\n<li>Ingresso con guardaroba e spazio per riporre oggetti<\/li>\n<li>Soggiorno e sala da pranzo con divano letto, tavolo da pranzo, TV a schermo piatto e accogliente fuoco a pulsante (stufa a pellet)<\/li>\n<li>Cucina di alta qualit\u00e0: non solo bella, ma soprattutto funzionale<\/li>\n<li>Bagno con lavabo, doccia e WC. Accessori come cesto della biancheria e asciugamani sono forniti.<\/li>\n<\/ul>\n[\/vc_column_text][\/vc_column_inner][\/vc_row_inner][\/vc_column][\/vc_row][vc_row section=&#8221;yes&#8221; paddingtop=&#8221;50px&#8221; paddingbottom=&#8221;50px&#8221; backgroundcolor=&#8221;#fffef7&#8243;][vc_column]<div class=\"line-header text-center\"><h2>La specialit\u00e0:<\/h2><span class=\"header-sep\"><\/span><\/div>[vc_empty_space height=&#8221;50px&#8221;][vc_row_inner][vc_column_inner width=&#8221;1\/3&#8243;]<div class=\"evc-icon-with-text evc-shortcode  evc-iwt-icon-top\">\n\t<div class=\"evc-iwt-icon-holder\">\n\t\t\t\n\t<span class=\"evc-iwt-icon fas fa-utensils\" ><\/span>\n\t<\/div>\n\t<div class=\"evc-iwt-content\">\n\t\t\t<h4 class=\"evc-iwt-title\" >\n\t\t\t\t\tLa cucina\t\t\t<\/h4>\n\t<p class=\"evc-iwt-text\" >Non \u00e8 solo bella, ma soprattutto funzionale e completamente attrezzata: fornelli con forno, lavastoviglie, cappa aspirante, bollitore, macchina per il caff\u00e8 e molto altro ancora. La scelta degli elettrodomestici da cucina rivela l&#039;amore per il design italiano.<\/p>\n\t<\/div>\n<\/div>\n[\/vc_column_inner][vc_column_inner width=&#8221;1\/3&#8243;]<div class=\"evc-icon-with-text evc-shortcode  evc-iwt-icon-top\">\n\t<div class=\"evc-iwt-icon-holder\">\n\t\t\t\n\t<span class=\"evc-iwt-icon fas fa-umbrella-beach\" ><\/span>\n\t<\/div>\n\t<div class=\"evc-iwt-content\">\n\t\t\t<h4 class=\"evc-iwt-title\" >\n\t\t\t\t\tLa terrazza solarium\t\t\t<\/h4>\n\t<p class=\"evc-iwt-text\" >La nostra terrazza soleggiata \u00e8 l&#039;ideale per rilassarsi e fare grigliate. Perfetta per riposarsi dopo un&#039;escursione in montagna o per chiacchierare animatamente davanti a un bicchiere di vino rosso. Compreso set di sedie, ombrellone e panorama mozzafiato sulle montagne.<\/p>\n\t<\/div>\n<\/div>\n[\/vc_column_inner][vc_column_inner width=&#8221;1\/3&#8243;]<div class=\"evc-icon-with-text evc-shortcode  evc-iwt-icon-top\">\n\t<div class=\"evc-iwt-icon-holder\">\n\t\t\t\n\t<span class=\"evc-iwt-icon fas fa-tree\" ><\/span>\n\t<\/div>\n\t<div class=\"evc-iwt-content\">\n\t\t\t<h4 class=\"evc-iwt-title\" >\n\t\t\t\t\t<a class=\"evc-iwt-link\" href=\"https:\/\/www.bertahof.at\" target=\"_blank\" title=\"Langasthof Bertahof in Bad Hofgastein\">\n\t\t\t\t\tIl Bertahof\t\t\t\t\t<\/a>\n\t\t\t<\/h4>\n\t<p class=\"evc-iwt-text\" >Tutti i servizi del nostro campeggio sono a disposizione anche degli ospiti degli chalet. C&#039;\u00e8 la stanza asciugatrice per la vostra attrezzatura da sci, la lavanderia interna con lavatrici e asciugatrici e la meravigliosa locanda Bertahof, dove potrete gustare ottimi piatti della tradizione culinaria locale.<\/p>\n\t<\/div>\n<\/div>\n[\/vc_column_inner][\/vc_row_inner][vc_empty_space height=&#8221;50px&#8221;][vc_masonry_media_grid element_width=&#8221;2&#8243; item=&#8221;mediaGrid_FadeInWithIcon&#8221; css=&#8221;&#8221; initial_loading_animation=&#8221;none&#8221; grid_id=&#8221;vc_gid:1769768205496-fa0cefed-8c13-0&#8243; include=&#8221;3445,3441,3390,3384,3376,3373,3370,3367,3364,3328,3331,3334,3343,3349,3352,3355,3358,3361,3325,3322,3319,3316&#8243; el_class=&#8221;wplightbox&#8221;]<div class=\"line-header text-center\"><h2>Stile alpino con un tocco personale<\/h2><span class=\"header-sep\"><\/span><\/div>[vc_column_text css=&#8221;&#8221;]Lo Chalet Bertahof \u00e8 il punto di partenza perfetto per la vostra vacanza nella Valle di Gastein e allo stesso tempo un luogo accogliente in cui soggiornare. Godetevi una mite serata estiva sulla terrazza soleggiata o sentite il fuoco del camino in inverno. Il mix di tradizione e modernit\u00e0, di stile alpino e accenti freschi, crea un&#8217;atmosfera in cui ci si sente semplicemente a casa. Lo chalet \u00e8 arredato con materiali naturali come il legno e la pietra e gli accessori fatti a mano danno un tocco personalizzato. Vedrete che vi sentirete a casa nel nostro chalet fin dal primo momento.[\/vc_column_text][vc_row_inner][vc_column_inner width=&#8221;1\/2&#8243;]<div class=\"line-header text-center\"><h2>Servizi inclusi<\/h2><span class=\"header-sep\"><\/span><\/div>[vc_column_text css=&#8221;&#8221;]\n<ul>\n<li>Wi-Fi gratuito<\/li>\n<li>Parcheggio direttamente davanti alla porta di casa e una fermata dell&#8217;autobus alle porte del campeggio<\/li>\n<li>Stanza di asciugatura per l&#8217;attrezzatura da sci<\/li>\n<li>Uso della lavanderia Bertahof con lavatrice e asciugatrice<\/li>\n<li>Biancheria da letto, asciugamani<\/li>\n<li>Riscaldamento, acqua e elettricit\u00e0<\/li>\n<li>Aria fresca di montagna e un panorama mozzafiato<\/li>\n<\/ul>\n[\/vc_column_text][\/vc_column_inner][vc_column_inner width=&#8221;1\/2&#8243;]<div class=\"line-header text-center\"><h2>Gli extra<\/h2><span class=\"header-sep\"><\/span><\/div>[vc_column_text css=&#8221;&#8221;]\n<ul>\n<li>Cestino per la colazione e servizio pane da ordinare: pane fresco e dolci per iniziare la mattina. Colazione: \u20ac 35 per 2 persone<\/li>\n<li>Su richiesta, facciamo le pulizie e cambiamo la biancheria da letto e gli asciugamani.<\/li>\n<li>Il lago balneabile \u00e8 raggiungibile a piedi in pochi minuti.<\/li>\n<li>I cani sono ammessi e benvenuti. Si prega di avvisare in anticipo.<\/li>\n<li>Programma culinario al <a href=\"https:\/\/www.bertahof.at\">Landgasthof Bertahof<\/a>: pizza e specialit\u00e0 regionali #dahoam<\/li>\n<\/ul>\n[\/vc_column_text][\/vc_column_inner][\/vc_row_inner][\/vc_column][\/vc_row][vc_row section=&#8221;yes&#8221;][vc_column]<div class=\"line-header text-center\"><h2>I nostri prezzi<\/h2><span class=\"header-sep\"><\/span><\/div>[vc_row_inner][vc_column_inner width=&#8221;1\/4&#8243;][vc_column_text css=&#8221;&#8221;]\n<h3 style=\"text-align: center;\">Saison A<\/h3>\n<p style=\"text-align: center;\">07.06.-13.09.2025<br \/>\n06.06-12.09.2026<\/p>\n<p style=\"text-align: center;\">\u20ac 130,-<\/p>\n[\/vc_column_text][\/vc_column_inner][vc_column_inner width=&#8221;1\/4&#8243;][vc_column_text css=&#8221;&#8221;]\n<h3 style=\"text-align: center;\">Saison B<\/h3>\n<p style=\"text-align: center;\">14.09.-20.12.2025<br \/>\n28.04.-05.06.2026<br \/>\n13.09.-19.12.2026<\/p>\n<p style=\"text-align: center;\">\u20ac 100,-<\/p>\n[\/vc_column_text][\/vc_column_inner][vc_column_inner width=&#8221;1\/4&#8243;][vc_column_text css=&#8221;&#8221;]\n<h3 style=\"text-align: center;\">Saison C<\/h3>\n<p style=\"text-align: center;\">21.12.2025-10.1.2026<br \/>\n20.12.2026-09.01.2027<\/p>\n<p style=\"text-align: center;\">\u20ac 190,-<\/p>\n[\/vc_column_text][\/vc_column_inner][vc_column_inner width=&#8221;1\/4&#8243;][vc_column_text css=&#8221;&#8221;]\n<h3 style=\"text-align: center;\">Saison D<\/h3>\n<p style=\"text-align: center;\">11.01.2026-27.04.2026<\/p>\n<p style=\"text-align: center;\">\u20ac 150,-<\/p>\n[\/vc_column_text][\/vc_column_inner][\/vc_row_inner][vc_separator][vc_column_text css=&#8221;&#8221;]\n<p style=\"text-align: left;\"><strong>Prezzi al giorno per 2 persone inclusi i seguenti costi aggiuntivi:<\/strong> riscaldamento, acqua, elettricit\u00e0, biancheria da letto, asciugamani, Wi-Fi, parcheggio<\/p>\n<p style=\"text-align: left;\"><strong>Bambino<\/strong> da 3 a 14 anni: \u20ac 10,- al giorno<\/p>\n<p style=\"text-align: left;\"><strong>Persona aggiuntiva<\/strong> dai 15 anni in su: \u20ac 20,- al giorno<\/p>\n<p style=\"text-align: left;\"><strong>Animali domestici<\/strong> sono generalmente ammessi. Vi chiediamo di prenotarli in anticipo e addebitiamo \u20ac 15,- al giorno.<\/p>\n<ul>\n<li style=\"text-align: left;\"><strong>Esclusi:<\/strong> pulizia finale, servizi aggiuntivi come colazione, servizio pane, servizio pizza, specialit\u00e0 regionali da riscaldare, tassa di soggiorno (2,10 \u20ac per persona a notte), contributo ambientale (1,20 \u20ac per persona a notte) e contributo per l&#8217;istituto di ricerca (FIB, 1,80 \u20ac\/P per soggiorni di almeno 3 notti).<\/li>\n<li><strong>Colazione per 2 persone:<\/strong> \u20ac 35,-<\/li>\n<li style=\"text-align: left;\"><strong>Pulizia finale:<\/strong> \u20ac 50,-<\/li>\n<li style=\"text-align: left;\"><strong>Pulizia durante il soggiorno:<\/strong> \u20ac 30,-<\/li>\n<li style=\"text-align: left;\"><strong>Cambio biancheria<\/strong> durante il soggiorno \u20ac 10,-<\/li>\n<li>Arrivo dalle 15:00 \/ Partenza entro le 10:00<\/li>\n<\/ul>\n[\/vc_column_text][vc_raw_html]JTNDZGl2JTIwaWQlM0QlMjJidWNoZW4lMjIlM0UlM0MlMkZkaXYlM0UlM0NociUzRQ==[\/vc_raw_html][\/vc_column][\/vc_row][vc_row section=&#8221;yes&#8221;][vc_column]<div class=\"line-header text-center\"><h2>Richiesta di prenotazione<\/h2><span class=\"header-sep\"><\/span><\/div>\n<div class=\"wpcf7 no-js\" id=\"wpcf7-f4216-o1\" lang=\"it-IT\" dir=\"ltr\" data-wpcf7-id=\"4216\">\n<div class=\"screen-reader-response\"><p role=\"status\" aria-live=\"polite\" aria-atomic=\"true\"><\/p> <ul><\/ul><\/div>\n<form action=\"\/it\/wp-json\/wp\/v2\/pages\/4145#wpcf7-f4216-o1\" method=\"post\" class=\"wpcf7-form init\" aria-label=\"Modulo di contatto\" novalidate=\"novalidate\" data-status=\"init\">\n<fieldset class=\"hidden-fields-container\"><input type=\"hidden\" name=\"_wpcf7\" value=\"4216\" \/><input type=\"hidden\" name=\"_wpcf7_version\" value=\"6.1.5\" \/><input type=\"hidden\" name=\"_wpcf7_locale\" value=\"it_IT\" \/><input type=\"hidden\" name=\"_wpcf7_unit_tag\" value=\"wpcf7-f4216-o1\" \/><input type=\"hidden\" name=\"_wpcf7_container_post\" value=\"0\" \/><input type=\"hidden\" name=\"_wpcf7_posted_data_hash\" value=\"\" \/><input type=\"hidden\" name=\"_wpcf7dtx_version\" value=\"5.0.5\" \/>\n<\/fieldset>\n<div class=\"row\">\n\t<div class=\"col-md-4\">\n\t\t<p><label>Periodo desiderato*<\/label>\n\t\t<\/p>\n\t<\/div>\n\t<div class=\"col-md-8\">\n\t\t<p>Arrivo:<span class=\"wpcf7-form-control-wrap\" data-name=\"VON\"><input class=\"wpcf7-form-control wpcf7-date wpcf7-validates-as-required wpcf7-validates-as-date\" aria-required=\"true\" aria-invalid=\"false\" value=\"\" type=\"date\" name=\"VON\" \/><\/span> Partenza: <span class=\"wpcf7-form-control-wrap\" data-name=\"BIS\"><input class=\"wpcf7-form-control wpcf7-date wpcf7-validates-as-required wpcf7-validates-as-date\" aria-required=\"true\" aria-invalid=\"false\" value=\"\" type=\"date\" name=\"BIS\" \/><\/span>\n\t\t<\/p>\n\t<\/div>\n\t<div class=\"col-md-4\">\n\t\t<p><label>Numero adulti*<\/label>\n\t\t<\/p>\n\t<\/div>\n\t<div class=\"col-md-8\">\n\t\t<p><span class=\"wpcf7-form-control-wrap\" data-name=\"ANZERW\"><input size=\"40\" maxlength=\"400\" class=\"wpcf7-form-control wpcf7-text wpcf7-validates-as-required\" aria-required=\"true\" aria-invalid=\"false\" value=\"\" type=\"text\" name=\"ANZERW\" \/><\/span>\n\t\t<\/p>\n\t<\/div>\n\t<div class=\"col-md-4\">\n\t\t<p><label>Numero di bambini*<\/label>\n\t\t<\/p>\n\t<\/div>\n\t<div class=\"col-md-8\">\n\t\t<p><span class=\"wpcf7-form-control-wrap\" data-name=\"ANZKINDER\"><input size=\"40\" maxlength=\"400\" class=\"wpcf7-form-control wpcf7-text wpcf7-validates-as-required\" aria-required=\"true\" aria-invalid=\"false\" value=\"\" type=\"text\" name=\"ANZKINDER\" \/><\/span>\n\t\t<\/p>\n\t<\/div>\n\t<div class=\"col-md-4\">\n\t\t<p><label>Et\u00e0 dei bambini*<\/label>\n\t\t<\/p>\n\t<\/div>\n\t<div class=\"col-md-8\">\n\t\t<p><span class=\"wpcf7-form-control-wrap\" data-name=\"ALTKINDER\"><input size=\"40\" maxlength=\"400\" class=\"wpcf7-form-control wpcf7-text wpcf7-validates-as-required\" aria-required=\"true\" aria-invalid=\"false\" value=\"\" type=\"text\" name=\"ALTKINDER\" \/><\/span>\n\t\t<\/p>\n\t<\/div>\n\t<div class=\"col-md-4\">\n\t\t<p><label>Nome*<\/label>\n\t\t<\/p>\n\t<\/div>\n\t<div class=\"col-md-8\">\n\t\t<p><span class=\"wpcf7-form-control-wrap\" data-name=\"Vorname\"><input size=\"40\" maxlength=\"400\" class=\"wpcf7-form-control wpcf7-text wpcf7-validates-as-required\" aria-required=\"true\" aria-invalid=\"false\" value=\"\" type=\"text\" name=\"Vorname\" \/><\/span>\n\t\t<\/p>\n\t<\/div>\n\t<div class=\"col-md-4\">\n\t\t<p><label>Cognome*<\/label>\n\t\t<\/p>\n\t<\/div>\n\t<div class=\"col-md-8\">\n\t\t<p><span class=\"wpcf7-form-control-wrap\" data-name=\"Nachname\"><input size=\"40\" maxlength=\"400\" class=\"wpcf7-form-control wpcf7-text wpcf7-validates-as-required\" aria-required=\"true\" aria-invalid=\"false\" value=\"\" type=\"text\" name=\"Nachname\" \/><\/span>\n\t\t<\/p>\n\t<\/div>\n\t<div class=\"col-md-4\">\n\t\t<p><label>Via*<\/label>\n\t\t<\/p>\n\t<\/div>\n\t<div class=\"col-md-8\">\n\t\t<p><span class=\"wpcf7-form-control-wrap\" data-name=\"STR\"><input size=\"40\" maxlength=\"400\" class=\"wpcf7-form-control wpcf7-text wpcf7-validates-as-required\" aria-required=\"true\" aria-invalid=\"false\" value=\"\" type=\"text\" name=\"STR\" \/><\/span>\n\t\t<\/p>\n\t<\/div>\n\t<div class=\"col-md-4\">\n\t\t<p><label>CAP*<\/label>\n\t\t<\/p>\n\t<\/div>\n\t<div class=\"col-md-8\">\n\t\t<p><span class=\"wpcf7-form-control-wrap\" data-name=\"CPLZ\"><input size=\"40\" maxlength=\"400\" class=\"wpcf7-form-control wpcf7-text wpcf7-validates-as-required\" aria-required=\"true\" aria-invalid=\"false\" value=\"\" type=\"text\" name=\"CPLZ\" \/><\/span>\n\t\t<\/p>\n\t<\/div>\n\t<div class=\"col-md-4\">\n\t\t<p><label>Citt\u00e0*<\/label>\n\t\t<\/p>\n\t<\/div>\n\t<div class=\"col-md-8\">\n\t\t<p><span class=\"wpcf7-form-control-wrap\" data-name=\"Ort\"><input size=\"40\" maxlength=\"400\" class=\"wpcf7-form-control wpcf7-text wpcf7-validates-as-required\" aria-required=\"true\" aria-invalid=\"false\" value=\"\" type=\"text\" name=\"Ort\" \/><\/span>\n\t\t<\/p>\n\t<\/div>\n\t<div class=\"col-md-4\">\n\t\t<p><label>Paese*<\/label>\n\t\t<\/p>\n\t<\/div>\n\t<div class=\"col-md-8\">\n\t\t<p><span class=\"wpcf7-form-control-wrap\" data-name=\"INT\"><input size=\"40\" maxlength=\"400\" class=\"wpcf7-form-control wpcf7-text wpcf7-validates-as-required\" aria-required=\"true\" aria-invalid=\"false\" value=\"\" type=\"text\" name=\"INT\" \/><\/span>\n\t\t<\/p>\n\t<\/div>\n\t<div class=\"col-md-4\">\n\t\t<p><label>Telefono*<\/label>\n\t\t<\/p>\n\t<\/div>\n\t<div class=\"col-md-8\">\n\t\t<p><span class=\"wpcf7-form-control-wrap\" data-name=\"TEL\"><input size=\"40\" maxlength=\"400\" class=\"wpcf7-form-control wpcf7-text wpcf7-validates-as-required\" aria-required=\"true\" aria-invalid=\"false\" value=\"\" type=\"text\" name=\"TEL\" \/><\/span>\n\t\t<\/p>\n\t<\/div>\n\t<div class=\"col-md-4\">\n\t\t<p><label>Email*<\/label>\n\t\t<\/p>\n\t<\/div>\n\t<div class=\"col-md-8\">\n\t\t<p><span class=\"wpcf7-form-control-wrap\" data-name=\"email-914\"><input size=\"40\" maxlength=\"400\" class=\"wpcf7-form-control wpcf7-email wpcf7-validates-as-required wpcf7-text wpcf7-validates-as-email\" aria-required=\"true\" aria-invalid=\"false\" value=\"\" type=\"email\" name=\"email-914\" \/><\/span>\n\t\t<\/p>\n\t<\/div>\n\t<p><span id=\"wpcf7-69e5aeae8a61d-wrapper\" class=\"wpcf7-form-control-wrap Website-wrap\" style=\"display:none !important; visibility:hidden !important;\"><label for=\"wpcf7-69e5aeae8a61d-field\" class=\"hp-message\">Si prega di lasciare vuoto questo campo.<\/label><input id=\"wpcf7-69e5aeae8a61d-field\"  class=\"wpcf7-form-control wpcf7-text\" type=\"text\" name=\"Website\" value=\"\" size=\"40\" tabindex=\"-1\" autocomplete=\"new-password\" \/><\/span>\n\t<\/p>\n\t<div class=\"col-md-4\">\n\t\t<p><label>Qui potete lasciarci un messaggio<\/label>\n\t\t<\/p>\n\t<\/div>\n\t<div class=\"col-md-8\">\n\t\t<p><span class=\"wpcf7-form-control-wrap\" data-name=\"BINFO\"><textarea cols=\"40\" rows=\"10\" maxlength=\"2000\" class=\"wpcf7-form-control wpcf7-textarea\" aria-invalid=\"false\" name=\"BINFO\"><\/textarea><\/span><br \/>\n<span class=\"wpcf7-form-control-wrap\" data-name=\"Disclaimer\"><span class=\"wpcf7-form-control wpcf7-acceptance\"><span class=\"wpcf7-list-item\"><label><input type=\"checkbox\" name=\"Disclaimer\" value=\"1\" aria-invalid=\"false\" \/><span class=\"wpcf7-list-item-label\">S\u00ec, ho letto le <a href=\"https:\/\/camping-bertahof.at\/datenschutz\/\">condizioni d'uso<\/a> e le accetto.<\/span><\/label><\/span><\/span><\/span>\n\t\t<\/p>\n\t<\/div>\n\t<div class=\"col-md-12\">\n\t\t<p><span class=\"pull-right\"><input class=\"wpcf7-form-control wpcf7-submit has-spinner\" type=\"submit\" value=\"Invia richiesta di prenotazione\" \/><\/span>\n\t\t<\/p>\n\t<\/div>\n<\/div><div class=\"wpcf7-response-output\" aria-hidden=\"true\"><\/div>\n<\/form>\n<\/div>\n[vc_row_inner][vc_column_inner][vc_column_text css=&#8221;&#8221;]<small><strong>Condizioni di cancellazione<\/strong><\/small><\/p>\n<p>Gratuito fino a 48 ore prima dell&#8217;arrivo se si verificano i seguenti motivi: avviso di viaggio per Salisburgo, norme di quarantena statale per i viaggiatori che rientrano dalla provincia di Salisburgo. In queste situazioni la cancellazione \u00e8 gratuita. Idealmente, convertiremo il vostro deposito in un buono che non scadr\u00e0. Se \u00e8 possibile viaggiare senza restrizioni, qui troverete le condizioni di cancellazione per la prossima stagione:<\/p>\n<ul>\n<li>28 giorni prima dell&#8217;arrivo: 30 %<\/li>\n<li>21 giorni prima dell&#8217;arrivo: 50 %<\/li>\n<li>14 giorni prima dell&#8217;arrivo: 70 %<\/li>\n<li>7 giorni prima dell&#8217;arrivo: 90 %<\/li>\n<li>Mancato arrivo e arrivo anticipato: 100%<\/li>\n<\/ul>\n<p><a href=\"https:\/\/camping-bertahof.at\/wp-content\/uploads\/Chalet-Bertahof-Hausordnung.pdf\" target=\"_blank\" rel=\"noopener\">Il regolamento dello Chalet Bertahof<\/a>[\/vc_column_text][\/vc_column_inner][\/vc_row_inner][\/vc_column][\/vc_row]<\/p>\n<\/div>","protected":false},"excerpt":{"rendered":"<p>[vc_row][vc_column][\/vc_column][\/vc_row][vc_row gap=&#8221;20&#8243; section=&#8221;yes&#8221; paddingtop=&#8221;50px&#8221; paddingbottom=&#8221;0px&#8221;][vc_column][vc_column_text css=&#8221;&#8221;] Lo Chalet Bertahof \u00e8 una casetta molto speciale fatta con amore e rappresenta la [&hellip;]<\/p>\n","protected":false},"author":7,"featured_media":0,"parent":0,"menu_order":0,"comment_status":"closed","ping_status":"closed","template":"template-sections.php","meta":{"footnotes":""},"class_list":["post-4145","page","type-page","status-publish","hentry"],"yoast_head":"<!-- This site is optimized with the Yoast SEO plugin v27.3 - https:\/\/yoast.com\/product\/yoast-seo-wordpress\/ -->\n<title>Chalet Bertahof - Camping Bertahof<\/title>\n<meta name=\"description\" content=\"Lo chalet \u00e8 il domicilio ideale per escursionisti, ciclisti, sciatori, fondisti e per tutti coloro che sono in vacanza nella Valle di Gastein e nel Salisburghese.\" \/>\n<meta name=\"robots\" content=\"index, follow, max-snippet:-1, max-image-preview:large, max-video-preview:-1\" \/>\n<link rel=\"canonical\" href=\"https:\/\/camping-bertahof.at\/it\/chalet-bertahof\/\" \/>\n<meta property=\"og:locale\" content=\"it_IT\" \/>\n<meta property=\"og:type\" content=\"article\" \/>\n<meta property=\"og:title\" content=\"Chalet Bertahof - Camping Bertahof\" \/>\n<meta property=\"og:description\" content=\"Lo chalet \u00e8 il domicilio ideale per escursionisti, ciclisti, sciatori, fondisti e per tutti coloro che sono in vacanza nella Valle di Gastein e nel Salisburghese.\" \/>\n<meta property=\"og:url\" content=\"https:\/\/camping-bertahof.at\/it\/chalet-bertahof\/\" \/>\n<meta property=\"og:site_name\" content=\"Camping Bertahof\" \/>\n<meta property=\"article:publisher\" content=\"https:\/\/www.facebook.com\/CampingBertahof\" \/>\n<meta property=\"article:modified_time\" content=\"2026-01-30T10:17:03+00:00\" \/>\n<meta name=\"twitter:card\" content=\"summary_large_image\" \/>\n<meta name=\"twitter:label1\" content=\"Tempo di lettura stimato\" \/>\n\t<meta name=\"twitter:data1\" content=\"6 minuti\" \/>\n<script type=\"application\/ld+json\" class=\"yoast-schema-graph\">{\"@context\":\"https:\\\/\\\/schema.org\",\"@graph\":[{\"@type\":\"WebPage\",\"@id\":\"https:\\\/\\\/camping-bertahof.at\\\/it\\\/chalet-bertahof\\\/\",\"url\":\"https:\\\/\\\/camping-bertahof.at\\\/it\\\/chalet-bertahof\\\/\",\"name\":\"Chalet Bertahof - Camping Bertahof\",\"isPartOf\":{\"@id\":\"https:\\\/\\\/camping-bertahof.at\\\/it\\\/#website\"},\"datePublished\":\"2021-06-08T15:53:06+00:00\",\"dateModified\":\"2026-01-30T10:17:03+00:00\",\"description\":\"Lo chalet \u00e8 il domicilio ideale per escursionisti, ciclisti, sciatori, fondisti e per tutti coloro che sono in vacanza nella Valle di Gastein e nel Salisburghese.\",\"breadcrumb\":{\"@id\":\"https:\\\/\\\/camping-bertahof.at\\\/it\\\/chalet-bertahof\\\/#breadcrumb\"},\"inLanguage\":\"it-IT\",\"potentialAction\":[{\"@type\":\"ReadAction\",\"target\":[\"https:\\\/\\\/camping-bertahof.at\\\/it\\\/chalet-bertahof\\\/\"]}]},{\"@type\":\"BreadcrumbList\",\"@id\":\"https:\\\/\\\/camping-bertahof.at\\\/it\\\/chalet-bertahof\\\/#breadcrumb\",\"itemListElement\":[{\"@type\":\"ListItem\",\"position\":1,\"name\":\"Startseite\",\"item\":\"https:\\\/\\\/camping-bertahof.at\\\/it\\\/\"},{\"@type\":\"ListItem\",\"position\":2,\"name\":\"Chalet Bertahof\"}]},{\"@type\":\"WebSite\",\"@id\":\"https:\\\/\\\/camping-bertahof.at\\\/it\\\/#website\",\"url\":\"https:\\\/\\\/camping-bertahof.at\\\/it\\\/\",\"name\":\"Camping Bertahof\",\"description\":\"365 giorni piacere di camping al valle pi\u00fa bello d\u00b4Austria!\",\"potentialAction\":[{\"@type\":\"SearchAction\",\"target\":{\"@type\":\"EntryPoint\",\"urlTemplate\":\"https:\\\/\\\/camping-bertahof.at\\\/it\\\/?s={search_term_string}\"},\"query-input\":{\"@type\":\"PropertyValueSpecification\",\"valueRequired\":true,\"valueName\":\"search_term_string\"}}],\"inLanguage\":\"it-IT\"}]}<\/script>\n<!-- \/ Yoast SEO plugin. -->","yoast_head_json":{"title":"Chalet Bertahof - Camping Bertahof","description":"Lo chalet \u00e8 il domicilio ideale per escursionisti, ciclisti, sciatori, fondisti e per tutti coloro che sono in vacanza nella Valle di Gastein e nel Salisburghese.","robots":{"index":"index","follow":"follow","max-snippet":"max-snippet:-1","max-image-preview":"max-image-preview:large","max-video-preview":"max-video-preview:-1"},"canonical":"https:\/\/camping-bertahof.at\/it\/chalet-bertahof\/","og_locale":"it_IT","og_type":"article","og_title":"Chalet Bertahof - Camping Bertahof","og_description":"Lo chalet \u00e8 il domicilio ideale per escursionisti, ciclisti, sciatori, fondisti e per tutti coloro che sono in vacanza nella Valle di Gastein e nel Salisburghese.","og_url":"https:\/\/camping-bertahof.at\/it\/chalet-bertahof\/","og_site_name":"Camping Bertahof","article_publisher":"https:\/\/www.facebook.com\/CampingBertahof","article_modified_time":"2026-01-30T10:17:03+00:00","twitter_card":"summary_large_image","twitter_misc":{"Tempo di lettura stimato":"6 minuti"},"schema":{"@context":"https:\/\/schema.org","@graph":[{"@type":"WebPage","@id":"https:\/\/camping-bertahof.at\/it\/chalet-bertahof\/","url":"https:\/\/camping-bertahof.at\/it\/chalet-bertahof\/","name":"Chalet Bertahof - Camping Bertahof","isPartOf":{"@id":"https:\/\/camping-bertahof.at\/it\/#website"},"datePublished":"2021-06-08T15:53:06+00:00","dateModified":"2026-01-30T10:17:03+00:00","description":"Lo chalet \u00e8 il domicilio ideale per escursionisti, ciclisti, sciatori, fondisti e per tutti coloro che sono in vacanza nella Valle di Gastein e nel Salisburghese.","breadcrumb":{"@id":"https:\/\/camping-bertahof.at\/it\/chalet-bertahof\/#breadcrumb"},"inLanguage":"it-IT","potentialAction":[{"@type":"ReadAction","target":["https:\/\/camping-bertahof.at\/it\/chalet-bertahof\/"]}]},{"@type":"BreadcrumbList","@id":"https:\/\/camping-bertahof.at\/it\/chalet-bertahof\/#breadcrumb","itemListElement":[{"@type":"ListItem","position":1,"name":"Startseite","item":"https:\/\/camping-bertahof.at\/it\/"},{"@type":"ListItem","position":2,"name":"Chalet Bertahof"}]},{"@type":"WebSite","@id":"https:\/\/camping-bertahof.at\/it\/#website","url":"https:\/\/camping-bertahof.at\/it\/","name":"Camping Bertahof","description":"365 giorni piacere di camping al valle pi\u00fa bello d\u00b4Austria!","potentialAction":[{"@type":"SearchAction","target":{"@type":"EntryPoint","urlTemplate":"https:\/\/camping-bertahof.at\/it\/?s={search_term_string}"},"query-input":{"@type":"PropertyValueSpecification","valueRequired":true,"valueName":"search_term_string"}}],"inLanguage":"it-IT"}]}},"_links":{"self":[{"href":"https:\/\/camping-bertahof.at\/it\/wp-json\/wp\/v2\/pages\/4145","targetHints":{"allow":["GET"]}}],"collection":[{"href":"https:\/\/camping-bertahof.at\/it\/wp-json\/wp\/v2\/pages"}],"about":[{"href":"https:\/\/camping-bertahof.at\/it\/wp-json\/wp\/v2\/types\/page"}],"author":[{"embeddable":true,"href":"https:\/\/camping-bertahof.at\/it\/wp-json\/wp\/v2\/users\/7"}],"replies":[{"embeddable":true,"href":"https:\/\/camping-bertahof.at\/it\/wp-json\/wp\/v2\/comments?post=4145"}],"version-history":[{"count":9,"href":"https:\/\/camping-bertahof.at\/it\/wp-json\/wp\/v2\/pages\/4145\/revisions"}],"predecessor-version":[{"id":4233,"href":"https:\/\/camping-bertahof.at\/it\/wp-json\/wp\/v2\/pages\/4145\/revisions\/4233"}],"wp:attachment":[{"href":"https:\/\/camping-bertahof.at\/it\/wp-json\/wp\/v2\/media?parent=4145"}],"curies":[{"name":"wp","href":"https:\/\/api.w.org\/{rel}","templated":true}]}}